{"id":104,"date":"2016-06-02T11:19:42","date_gmt":"2016-06-02T09:19:42","guid":{"rendered":"http:\/\/localhost:8888\/babadlo\/?page_id=104"},"modified":"2025-06-02T17:44:30","modified_gmt":"2025-06-02T15:44:30","slug":"o-divadle","status":"publish","type":"page","link":"https:\/\/babadlo.sk\/bratislava\/o-divadle\/","title":{"rendered":"O DIVADLE"},"content":{"rendered":"<div class=\"wpb-content-wrapper\"><p>[vc_row full_width=&#8220;stretch_row_content_no_spaces&#8220; css=&#8220;.vc_custom_1464859682743{margin-bottom: -20px !important;}&#8220;][vc_column css=&#8220;.vc_custom_1464859269157{padding-top: 0px !important;}&#8220;][vc_single_image image=&#8220;31&#8243; img_size=&#8220;full&#8220; alignment=&#8220;center&#8220;][\/vc_column][\/vc_row][vc_row full_width=&#8220;stretch_row_content_no_spaces&#8220; css=&#8220;.vc_custom_1714605026320{margin-top: -50px !important;}&#8220;][vc_column][vc_single_image image=&#8220;5706&#8243; img_size=&#8220;full&#8220; alignment=&#8220;center&#8220;][\/vc_column][\/vc_row][vc_row][vc_column][vc_column_text]<\/p>\n<h4 style=\"text-align: center;\"><link type=\"text\/css\" rel=\"stylesheet\" href=\"https:\/\/fonts.googleapis.com\/css?family=Great+Vibes:400\">\n<div class=\"google_font\" style=\"font-family:'Great Vibes',Arial,Tahoma,sans-serif; font-size:40px; line-height:40px; font-weight:400; color:#000000;\">Divadlo<\/div>\n<\/h4>\n<h2 style=\"text-align: center;\">BABADLO<\/h2>\n<p><img loading=\"lazy\" decoding=\"async\" class=\"aligncenter size-full wp-image-5737\" src=\"https:\/\/babadlo.sk\/bratislava\/wp-content\/uploads\/sites\/2\/2024\/05\/predel_maly_oranzovy.png\" alt=\"\" width=\"85\" height=\"35\" srcset=\"https:\/\/babadlo.sk\/bratislava\/wp-content\/uploads\/sites\/2\/2024\/05\/predel_maly_oranzovy.png 85w, https:\/\/babadlo.sk\/bratislava\/wp-content\/uploads\/sites\/2\/2024\/05\/predel_maly_oranzovy-50x21.png 50w\" sizes=\"auto, (max-width: 85px) 100vw, 85px\" \/>[\/vc_column_text][vc_column_text]<span style=\"color: #000000\">Babadlo je ne\u0161t\u00e1tna, mimovl\u00e1dna organiz\u00e1cia registrovan\u00e1 na ministerstve vn\u00fatra. Vzniklo 1.j\u00fana 1995\u00a0ako profesion\u00e1lna kult\u00farna organiz\u00e1cia, ktorej hlavnou n\u00e1pl\u0148ou je tvorba a \u0161\u00edrenie divadeln\u00e9ho\u00a0diela.<\/span><\/p>\n<p><span style=\"color: #000000\"><strong>Ciele divadla:<\/strong><\/span><\/p>\n<ul>\n<li><span style=\"color: #000000\">pouk\u00e1za\u0165 na zmysel existencie b\u00e1bkov\u00e9ho divadla ako jednej z\u00a0formy umenia sp\u00e1jaj\u00facej viacero v\u00fdrazov\u00fdch prostriedkov<\/span><\/li>\n<li><span style=\"color: #000000\">\u0161\u00edri\u0165 b\u00e1bkov\u00fa trad\u00edciu v\u00a0\u0161ari\u0161skej oblasti<\/span><\/li>\n<li><span style=\"color: #000000\">da\u0165 mo\u017enos\u0165 mlad\u00e9mu a dospel\u00e9mu div\u00e1kovi spozna\u0165 \u010daro b\u00e1bkov\u00e9ho divadla<\/span><\/li>\n<li><span style=\"color: #000000\">dosiahnutie kvality \u0161t\u00e1tnych b\u00e1bkov\u00fdch divadiel<\/span><\/li>\n<li><span style=\"color: #000000\">vytv\u00e1ranie divadelnej tvorby hlavne pre najmen\u0161ieho div\u00e1ka, aby sa vytvoril prirodzen\u00fd vz\u0165ah k\u00a0divadlu a t\u00fdm sa zabezpe\u010dil jeho n\u00e1vrat do h\u013eadiska aj v\u00a0neskor\u0161om veku a dospelosti.<\/span><\/li>\n<\/ul>\n<p><span style=\"color: #000000\"><strong>\u010cinnos\u0165 divadla:<\/strong><\/span><\/p>\n<ul>\n<li><span style=\"color: #000000\">tvorba inscen\u00e1cii pre deti a ml\u00e1de\u017e<\/span><\/li>\n<li><span style=\"color: #000000\">tvorba inscen\u00e1cii pre dospel\u00fdch<\/span><\/li>\n<li><span style=\"color: #000000\">verejn\u00e1 produkcia predstaven\u00ed nielen na dom\u00e1com javisku, ale po celom Slovensku<\/span><\/li>\n<li><span style=\"color: #000000\">tvorba divadeln\u00fdch projektov v\u00a0spolupr\u00e1ci s\u00a0talentovanou ml\u00e1de\u017eou, \u010di telesne a du\u0161evne postihnut\u00fdmi<\/span><\/li>\n<li><span style=\"color: #000000\">reprezent\u00e1cia doma i\u00a0v\u00a0zahrani\u010d\u00ed<\/span><\/li>\n<\/ul>\n<p><span style=\"color: #000000\">Babadlo je jedin\u00fdm divadlom svojho druhu v\u00a0celom Pre\u0161ovskom kraji. Svojou tvorbou sa zameriava predov\u0161etk\u00fdm na detsk\u00e9ho div\u00e1ka.<\/span><br \/>\n<span style=\"color: #000000\">Divadlo sa usiluje pribl\u00ed\u017ei\u0165 hlavne p\u00f4vodn\u00fa slovensk\u00fa tvorbu, svetov\u00fa klasiku a autorsk\u00e9 divadlo.<\/span><br \/>\n<span style=\"color: #000000\">Prostredn\u00edctvom hry a divadla rozv\u00edja cit pre umenie. V\u00a0divadelnej tvorbe hlavne pre deti kladie d\u00f4raz na v\u00fdtvarn\u00e9 a hudobn\u00e9 spracovanie, pr\u00e1cu s\u00a0b\u00e1bkou. V\u00a0r\u00e1mci celkovej tvorby sa sk\u00f4r pridr\u017eiavame klasick\u00fdch princ\u00edpov b\u00e1bkov\u00e9ho divadla a sna\u017e\u00edme sa o\u00a0udr\u017eanie b\u00e1bkov\u00e9ho kum\u0161tu vodenia r\u00f4znych tipov b\u00e1bok\u00a0\u2013marionety, javajky, ma\u0148u\u0161ky, manek\u00fdni.<\/span><\/p>\n<p><span style=\"color: #000000\">Po\u010das 20 rokov mohlo uzrie\u0165 tvorbu divadla viac ako 800\u00a0000\u00a0tis\u00edc det\u00ed z\u00a0cel\u00e9ho v\u00fdchodn\u00e9ho Slovenska. Av\u0161ak s\u00a0divadeln\u00fdmi predstaveniami sa v\u00a0posledn\u00fdch rokoch mohli zozn\u00e1mi\u0165 aj div\u00e1ci zo stredn\u00e9ho \u010di z\u00e1padn\u00e9ho regi\u00f3nu Slovenska.<\/span><\/p>\n<p><span style=\"color: #000000\">BABADLO sa \u00faspe\u0161ne prezentuje na festivaloch Slovenska a v\u00a0zahrani\u010d\u00ed.Spolupracuje a od svojho za\u010diatku sa obracia na kolegov b\u00e1bkarov z\u00a0\u010ciech, od ktor\u00fdch berie ve\u013ek\u00fa in\u0161pir\u00e1ciu, rozv\u00edja spolupr\u00e1cu a vn\u00e1\u0161a do slovensk\u00e9ho b\u00e1bkov\u00e9ho divadla ve\u013ek\u00fd kus \u010desk\u00e9ho kum\u0161tu, srdca a humoru.<\/span>[\/vc_column_text][\/vc_column][\/vc_row]<\/p>\n<\/div>","protected":false},"excerpt":{"rendered":"<p>[vc_row full_width=&#8220;stretch_row_content_no_spaces&#8220; css=&#8220;.vc_custom_1464859682743{margin-bottom: -20px !important;}&#8220;][vc_column css=&#8220;.vc_custom_1464859269157{padding-top: 0px !important;}&#8220;][vc_single_image image=&#8220;31&#8243; img_size=&#8220;full&#8220; alignment=&#8220;center&#8220;][\/vc_column][\/vc_row][vc_row full_width=&#8220;stretch_row_content_no_spaces&#8220; css=&#8220;.vc_custom_1714605026320{margin-top: -50px !important;}&#8220;][vc_column][vc_single_image image=&#8220;5706&#8243; img_size=&#8220;full&#8220; alignment=&#8220;center&#8220;][\/vc_column][\/vc_row][vc_row][vc_column][vc_column_text] BABADLO [\/vc_column_text][vc_column_text]Babadlo je ne\u0161t\u00e1tna, mimovl\u00e1dna organiz\u00e1cia registrovan\u00e1 na [&hellip;]<\/p>\n","protected":false},"author":7,"featured_media":6710,"parent":0,"menu_order":0,"comment_status":"closed","ping_status":"closed","template":"","meta":{"rs_blank_template":"","rs_page_bg_color":"","slide_template_v7":"","footnotes":""},"class_list":["post-104","page","type-page","status-publish","has-post-thumbnail","hentry"],"_links":{"self":[{"href":"https:\/\/babadlo.sk\/bratislava\/wp-json\/wp\/v2\/pages\/104","targetHints":{"allow":["GET"]}}],"collection":[{"href":"https:\/\/babadlo.sk\/bratislava\/wp-json\/wp\/v2\/pages"}],"about":[{"href":"https:\/\/babadlo.sk\/bratislava\/wp-json\/wp\/v2\/types\/page"}],"author":[{"embeddable":true,"href":"https:\/\/babadlo.sk\/bratislava\/wp-json\/wp\/v2\/users\/7"}],"replies":[{"embeddable":true,"href":"https:\/\/babadlo.sk\/bratislava\/wp-json\/wp\/v2\/comments?post=104"}],"version-history":[{"count":8,"href":"https:\/\/babadlo.sk\/bratislava\/wp-json\/wp\/v2\/pages\/104\/revisions"}],"predecessor-version":[{"id":6714,"href":"https:\/\/babadlo.sk\/bratislava\/wp-json\/wp\/v2\/pages\/104\/revisions\/6714"}],"wp:featuredmedia":[{"embeddable":true,"href":"https:\/\/babadlo.sk\/bratislava\/wp-json\/wp\/v2\/media\/6710"}],"wp:attachment":[{"href":"https:\/\/babadlo.sk\/bratislava\/wp-json\/wp\/v2\/media?parent=104"}],"curies":[{"name":"wp","href":"https:\/\/api.w.org\/{rel}","templated":true}]}}