{"id":123,"date":"2016-06-02T11:31:27","date_gmt":"2016-06-02T09:31:27","guid":{"rendered":"http:\/\/localhost:8888\/babadlo\/?page_id=123"},"modified":"2025-06-02T17:39:37","modified_gmt":"2025-06-02T15:39:37","slug":"historia-divadla","status":"publish","type":"page","link":"https:\/\/babadlo.sk\/bratislava\/o-divadle\/historia-divadla\/","title":{"rendered":"HIST\u00d3RIA DIVADLA"},"content":{"rendered":"<div class=\"wpb-content-wrapper\"><p>[vc_row full_width=&#8220;stretch_row_content_no_spaces&#8220; css=&#8220;.vc_custom_1464859682743{margin-bottom: -20px !important;}&#8220;][vc_column css=&#8220;.vc_custom_1464859269157{padding-top: 0px !important;}&#8220;][vc_single_image image=&#8220;31&#8243; img_size=&#8220;full&#8220; alignment=&#8220;center&#8220;][\/vc_column][\/vc_row][vc_row full_width=&#8220;stretch_row_content_no_spaces&#8220; css=&#8220;.vc_custom_1714605081261{margin-top: -50px !important;}&#8220;][vc_column][vc_single_image image=&#8220;5706&#8243; img_size=&#8220;full&#8220;][\/vc_column][\/vc_row][vc_row][vc_column][vc_column_text]<\/p>\n<h4 style=\"text-align: center;\">HIST\u00d3RIA<\/h4>\n<p><span style=\"color: #000000;\"><img loading=\"lazy\" decoding=\"async\" class=\"aligncenter size-full wp-image-5737\" src=\"https:\/\/babadlo.sk\/bratislava\/wp-content\/uploads\/sites\/2\/2024\/05\/predel_maly_oranzovy.png\" alt=\"\" width=\"85\" height=\"35\" srcset=\"https:\/\/babadlo.sk\/bratislava\/wp-content\/uploads\/sites\/2\/2024\/05\/predel_maly_oranzovy.png 85w, https:\/\/babadlo.sk\/bratislava\/wp-content\/uploads\/sites\/2\/2024\/05\/predel_maly_oranzovy-50x21.png 50w\" sizes=\"auto, (max-width: 85px) 100vw, 85px\" \/><\/span><\/p>\n<p><span style=\"color: #000000;\">B\u00e1bkov\u00e9 divadlo BABADLO otvorilo svoju \u010darovn\u00fa oponu <strong>1.j\u00fana 1995<\/strong>\u00a0so snahou <strong>obnovi\u0165 trad\u00edciu b\u00e1bkarstva v\u00a0\u0161ari\u0161skej oblasti.<\/strong><\/span><\/p>\n<p><span style=\"color: #000000;\">Babadlo je jedin\u00fdm profesion\u00e1lnym divadlom svojho druhu v\u00a0celom Pre\u0161ovskom kraji. Svojou tvorbou sa zameriava predov\u0161etk\u00fdm na detsk\u00e9ho div\u00e1ka. Divadlo sa usiluje pribl\u00ed\u017ei\u0165 hlavne p\u00f4vodn\u00fa slovensk\u00fa tvorbu, svetov\u00fa klasiku a autorsk\u00e9 divadlo.<\/span><\/p>\n<p><span style=\"color: #000000;\">Prostredn\u00edctvom hry a divadla rozv\u00edja cit pre umenie. Po\u010das 20 rokov mohlo uzrie\u0165 tvorbu divadla viac ako 800\u00a0000\u00a0tis\u00edc det\u00ed z\u00a0cel\u00e9ho v\u00fdchodn\u00e9ho Slovenska. Av\u0161ak s\u00a0divadeln\u00fdmi predstaveniami sa v\u00a0posledn\u00fdch rokoch mohli zozn\u00e1mi\u0165 aj div\u00e1ci zo stredn\u00e9ho \u010di z\u00e1padn\u00e9ho regi\u00f3nu. A\u00a0to nie je v\u0161etko.<\/span><\/p>\n<p><span style=\"color: #000000;\">BABADLO sa \u00faspe\u0161ne prezentuje na festivaloch Slovenska a v\u00a0zahrani\u010d\u00ed. Spolupracuje a <strong>od svojho za\u010diatku sa obracia na kolegov b\u00e1bkarov z\u00a0\u010ciech, od ktor\u00fdch berie ve\u013ek\u00fa in\u0161pir\u00e1ciu, rozv\u00edja spolupr\u00e1cu a vn\u00e1\u0161a do slovensk\u00e9ho b\u00e1bkov\u00e9ho divadla ve\u013ek\u00fd kus \u010desk\u00e9ho kum\u0161tu, srdca a humoru<\/strong>.<\/span><\/p>\n<p>&nbsp;<\/p>\n<h4 style=\"text-align: center;\"><span style=\"color: #000000;\">FESTIVALY<\/span><\/h4>\n<p><span style=\"color: #000000;\"><strong><img loading=\"lazy\" decoding=\"async\" class=\"aligncenter size-full wp-image-5737\" src=\"https:\/\/babadlo.sk\/bratislava\/wp-content\/uploads\/sites\/2\/2024\/05\/predel_maly_oranzovy.png\" alt=\"\" width=\"85\" height=\"35\" srcset=\"https:\/\/babadlo.sk\/bratislava\/wp-content\/uploads\/sites\/2\/2024\/05\/predel_maly_oranzovy.png 85w, https:\/\/babadlo.sk\/bratislava\/wp-content\/uploads\/sites\/2\/2024\/05\/predel_maly_oranzovy-50x21.png 50w\" sizes=\"auto, (max-width: 85px) 100vw, 85px\" \/><\/strong><\/span><\/p>\n<p><span style=\"color: #000000;\"><strong>2002<\/strong>\u00a0\u2013 Kr\u00e1\u013e Drozdia Brada<\/span><br \/>\n<span style=\"color: #000000;\">Medzin\u00e1rodn\u00fd festival\u00a0\u2013 B\u00e1bkarska Bystrica , Bansk\u00e1 Bystrica<\/span><\/p>\n<p><span style=\"color: #000000;\"><strong>2003<\/strong>\u00a0\u2013 Princezn\u00e1 na hr\u00e1\u0161ku<\/span><br \/>\n<span style=\"color: #000000;\">Medzin\u00e1rodn\u00fd festival Vimpersk\u00fd ka\u0161p\u00e1rek\u00a0\u2013 Vimperk, \u010cesk\u00e1 republika<\/span><\/p>\n<p><span style=\"color: #000000;\"><strong>2004<\/strong>\u00a0\u2013 Ako baba Pa\u010dmaga \u017een\u00edcha zh\u00e1\u0148ala<\/span><br \/>\n<span style=\"color: #000000;\">Medzin\u00e1rodn\u00fd festival\u00a0\u2013 B\u00e1bkarska Bystrica , Bansk\u00e1 Bystrica<\/span><\/p>\n<p><span style=\"color: #000000;\">\u2013 Kr\u00e1\u013e Drozdia Brada<\/span><br \/>\n<span style=\"color: #000000;\">Medzin\u00e1rodn\u00fd b\u00e1bkov\u00fd festival jedn\u00e9ho herca\u00a0\u2013 Lodz, Po\u013esk\u00e1 republika<\/span><\/p>\n<p><span style=\"color: #000000;\"><strong>2005<\/strong>\u00a0\u2013 Ako baba Pa\u010dmaga \u017een\u00edcha zh\u00e1\u0148ala<\/span><br \/>\n<span style=\"color: #000000;\">Medzin\u00e1rodn\u00fd festival\u00a0\u2013 Wroclaw, Po\u013esk\u00e1 republika<\/span><\/p>\n<p><span style=\"color: #000000;\"><strong>2006<\/strong>\u00a0\u2013 Ako baba Pa\u010dmaga \u017een\u00edcha zh\u00e1\u0148ala<\/span><br \/>\n<span style=\"color: #000000;\">Festival\u00a0\u2013 Warszawa , Po\u013esk\u00e1 republika<\/span><\/p>\n<p><span style=\"color: #000000;\"><strong>2007<\/strong>\u00a0\u2013 Ako baba Pa\u010dmaga \u017een\u00edcha zh\u00e1\u0148ala<\/span><br \/>\n<span style=\"color: #000000;\">Medzin\u00e1rodn\u00fd festival alternat\u00edvnych divadiel,\u00a0Ko\u0161ice<\/span><\/p>\n<p><span style=\"color: #000000;\"><strong>2008<\/strong>\u00a0\u2013 j\u00fan\u00a0\u2013 L\u00ed\u0161ka Bystru\u0161ka alebo lovestory z\u00a0v\u00e1\u0161ho lesa<\/span><br \/>\n<span style=\"color: #000000;\">Medzin\u00e1rodn\u00fd festival regi\u00f3nov, Hradec Kr\u00e1lov\u00e9, \u010cesk\u00e1 republika<\/span><\/p>\n<p><span style=\"color: #000000;\">j\u00fan\u00a0\u2013 L\u00ed\u0161ka Bystru\u0161ka alebo lovestory z\u00a0v\u00e1\u0161ho lesa<\/span><br \/>\n<span style=\"color: #000000;\">B\u00e1bkov\u00fd festival ,\u00a0\u017dilina<\/span><\/p>\n<p><span style=\"color: #000000;\">september\u00a0\u2013 Ako baba Pa\u010dmaga \u017een\u00edcha zh\u00e1\u0148ala<\/span><br \/>\n<span style=\"color: #000000;\">Medzin\u00e1rodn\u00fd festival divadiel,\u00a0Ko\u0161ice<\/span><\/p>\n<p><span style=\"color: #000000;\">november\u00a0\u2013 Ako baba Pa\u010dmaga \u017een\u00edcha zh\u00e1\u0148ala<\/span><br \/>\n<span style=\"color: #000000;\">Medzin\u00e1rodn\u00fd festival b\u00e1bkov\u00fdch divadiel, Brno, \u010cesk\u00e1 republika<\/span><\/p>\n<p><span style=\"color: #000000;\"><strong>2009<\/strong>\u00a0\u2013 j\u00fan\u00a0\u2013 John, Mary &amp; kozliatka<\/span><br \/>\n<span style=\"color: #000000;\">B\u00e1bkov\u00fd festival ,\u00a0\u017dilina<\/span><\/p>\n<p><span style=\"color: #000000;\">september\u00a0\u2013 Rozpr\u00e1vka o\u00a0vt\u00e1kovi Kuli\u0161iakovi<\/span><br \/>\n<span style=\"color: #000000;\">Medzin\u00e1rodn\u00fd festival divadiel,\u00a0Ko\u0161ice<\/span><\/p>\n<p><span style=\"color: #000000;\"><strong>2010<\/strong>\u00a0\u2013 Bl\u0161\u00ed cirkus<\/span><br \/>\n<span style=\"color: #000000;\">Medzin\u00e1rodn\u00fd festival divadiel,\u00a0Ko\u0161ice<\/span><\/p>\n<p><span style=\"color: #000000;\">Bl\u0161\u00ed cirkus<\/span><br \/>\n<span style=\"color: #000000;\">Medzin\u00e1rodn\u00fd festival\u00a0\u2013 B\u00e1bkarska Bystrica , Bansk\u00e1 Bystrica<\/span><\/p>\n<p><span style=\"color: #000000;\"><strong>2011<\/strong>\u00a0\u2013 Bl\u0161\u00ed cirkus<\/span><br \/>\n<span style=\"color: #000000;\">B\u00e1bkov\u00fd festival ,\u00a0\u017dilina<\/span><\/p>\n<p><span style=\"color: #000000;\"><strong>2014<\/strong> \u2013 Sen jedn\u00e9ho duba (cena detskej poroty)<\/span><br \/>\n<span style=\"color: #000000;\">Dni b\u00e1bkov\u00e9ho divadla a hier pre rodiny Virvar , Ko\u0161ice<\/span><\/p>\n<p><span style=\"color: #000000;\"><strong>2015<\/strong> \u2013 Ako baba Pa\u010dmaga \u017een\u00edcha zh\u00e1\u0148ala<\/span><br \/>\n<span style=\"color: #000000;\">Dni b\u00e1bkov\u00e9ho divadla a hier pre rodiny Virvar , Ko\u0161ice<\/span>[\/vc_column_text][\/vc_column][\/vc_row]<\/p>\n<\/div>","protected":false},"excerpt":{"rendered":"<p>[vc_row full_width=&#8220;stretch_row_content_no_spaces&#8220; css=&#8220;.vc_custom_1464859682743{margin-bottom: -20px !important;}&#8220;][vc_column css=&#8220;.vc_custom_1464859269157{padding-top: 0px !important;}&#8220;][vc_single_image image=&#8220;31&#8243; img_size=&#8220;full&#8220; alignment=&#8220;center&#8220;][\/vc_column][\/vc_row][vc_row full_width=&#8220;stretch_row_content_no_spaces&#8220; css=&#8220;.vc_custom_1714605081261{margin-top: -50px !important;}&#8220;][vc_column][vc_single_image image=&#8220;5706&#8243; img_size=&#8220;full&#8220;][\/vc_column][\/vc_row][vc_row][vc_column][vc_column_text] HIST\u00d3RIA B\u00e1bkov\u00e9 divadlo BABADLO otvorilo svoju \u010darovn\u00fa oponu 1.j\u00fana [&hellip;]<\/p>\n","protected":false},"author":7,"featured_media":6706,"parent":104,"menu_order":0,"comment_status":"closed","ping_status":"closed","template":"","meta":{"rs_blank_template":"","rs_page_bg_color":"","slide_template_v7":"","footnotes":""},"class_list":["post-123","page","type-page","status-publish","has-post-thumbnail","hentry"],"_links":{"self":[{"href":"https:\/\/babadlo.sk\/bratislava\/wp-json\/wp\/v2\/pages\/123","targetHints":{"allow":["GET"]}}],"collection":[{"href":"https:\/\/babadlo.sk\/bratislava\/wp-json\/wp\/v2\/pages"}],"about":[{"href":"https:\/\/babadlo.sk\/bratislava\/wp-json\/wp\/v2\/types\/page"}],"author":[{"embeddable":true,"href":"https:\/\/babadlo.sk\/bratislava\/wp-json\/wp\/v2\/users\/7"}],"replies":[{"embeddable":true,"href":"https:\/\/babadlo.sk\/bratislava\/wp-json\/wp\/v2\/comments?post=123"}],"version-history":[{"count":4,"href":"https:\/\/babadlo.sk\/bratislava\/wp-json\/wp\/v2\/pages\/123\/revisions"}],"predecessor-version":[{"id":5780,"href":"https:\/\/babadlo.sk\/bratislava\/wp-json\/wp\/v2\/pages\/123\/revisions\/5780"}],"up":[{"embeddable":true,"href":"https:\/\/babadlo.sk\/bratislava\/wp-json\/wp\/v2\/pages\/104"}],"wp:featuredmedia":[{"embeddable":true,"href":"https:\/\/babadlo.sk\/bratislava\/wp-json\/wp\/v2\/media\/6706"}],"wp:attachment":[{"href":"https:\/\/babadlo.sk\/bratislava\/wp-json\/wp\/v2\/media?parent=123"}],"curies":[{"name":"wp","href":"https:\/\/api.w.org\/{rel}","templated":true}]}}