{"id":17,"date":"2016-02-11T15:30:52","date_gmt":"2016-02-11T15:30:52","guid":{"rendered":"http:\/\/themes.muffingroup.com\/be\/tea\/?page_id=17"},"modified":"2025-08-22T13:11:54","modified_gmt":"2025-08-22T11:11:54","slug":"kontakt","status":"publish","type":"page","link":"https:\/\/babadlo.sk\/bratislava\/kontakt\/","title":{"rendered":"KONTAKT"},"content":{"rendered":"<p>[vc_row full_width=&#8220;stretch_row_content_no_spaces&#8220; css=&#8220;.vc_custom_1464880050203{margin-bottom: -30px !important;}&#8220;][vc_column css=&#8220;.vc_custom_1464864401750{margin-top: 0px !important;margin-right: 0px !important;margin-bottom: -10px !important;margin-left: 0px !important;border-top-width: 0px !important;border-right-width: 0px !important;border-bottom-width: 0px !important;border-left-width: 0px !important;padding-top: 0px !important;padding-right: 0px !important;padding-bottom: 0px !important;padding-left: 0px !important;}&#8220;][vc_single_image image=&#8220;31&#8243; img_size=&#8220;full&#8220; alignment=&#8220;center&#8220; css=&#8220;.vc_custom_1464864383711{margin-top: 0px !important;margin-right: 0px !important;margin-bottom: -10px !important;margin-left: 0px !important;border-top-width: 0px !important;border-right-width: 0px !important;border-bottom-width: 0px !important;border-left-width: 0px !important;padding-top: 0px !important;padding-right: 0px !important;padding-bottom: 0px !important;padding-left: 0px !important;}&#8220;][\/vc_column][\/vc_row][vc_row full_width=&#8220;stretch_row_content_no_spaces&#8220;][vc_column css=&#8220;.vc_custom_1714586022802{margin-top: 11px !important;margin-right: 0px !important;margin-bottom: 0px !important;margin-left: 0px !important;border-top-width: 0px !important;border-right-width: 0px !important;border-bottom-width: 0px !important;border-left-width: 0px !important;padding-top: 0px !important;padding-right: 0px !important;padding-bottom: 0px !important;padding-left: 0px !important;}&#8220;][vc_single_image image=&#8220;5706&#8243; img_size=&#8220;full&#8220; alignment=&#8220;center&#8220; css=&#8220;.vc_custom_1714581224642{margin-top: 0px !important;margin-right: 0px !important;margin-bottom: -10px !important;margin-left: 0px !important;border-top-width: 0px !important;border-right-width: 0px !important;border-bottom-width: 0px !important;border-left-width: 0px !important;padding-top: 0px !important;padding-right: 0px !important;padding-bottom: 0px !important;padding-left: 0px !important;}&#8220;][\/vc_column][\/vc_row][vc_row content_placement=&#8220;top&#8220; disable_element=&#8220;yes&#8220; css=&#8220;.vc_custom_1724155924536{margin-top: 40px !important;}&#8220;][vc_column width=&#8220;3\/4&#8243;][vc_column_text]<\/p>\n<h4 style=\"text-align: left;\"><link type=\"text\/css\" rel=\"stylesheet\" href=\"https:\/\/fonts.googleapis.com\/css?family=Great+Vibes:400\">\n<div class=\"google_font\" style=\"font-family:'Great Vibes',Arial,Tahoma,sans-serif; font-size:46px; line-height:46px; font-weight:400; color:#000000;\">Riadite\u013e pobo\u010dky Bratislava<\/div>\n<\/h4>\n<p><span style=\"color: #000000;\"><strong>Peter Vojtek<\/strong><\/span><\/p>\n<p><span style=\"color: #000000;\">objedn\u00e1vanie predstaven\u00ed<\/span><br \/>\n<em><strong><a href=\"tel:0905499209\">0905 499 209<\/a><\/strong><\/em><br \/>\n<em><strong><a href=\"mailto:babadlo.vojtek@gmail.com\">babadlo.vojtek@gmail.com<\/a><\/strong><\/em>[\/vc_column_text][vc_row_inner disable_element=&#8220;yes&#8220;][vc_column_inner width=&#8220;1\/3&#8243;][vc_column_text]<\/p>\n<h5 style=\"text-align: left\"><b>Bratislavsk\u00fd a\u00a0Trnavsk\u00fd kraj<\/b><\/h5>\n<p style=\"text-align: left\"><em>Matersk\u00e9 \u0161koly, Z\u00e1kladn\u00e9 \u0161koly, Stredn\u00e9 \u0161koly<\/em><\/p>\n<p><strong>Peter Vojtek<\/strong><br \/>\n<em><strong><a href=\"tel:0905499209\">0905 499 209<\/a><\/strong><\/em><br \/>\n<strong><em><a href=\"mailto:babadlo.vojtek@gmail.com\">babadlo.vojtek@gmail.com<\/a><\/em><\/strong>[\/vc_column_text][\/vc_column_inner][vc_column_inner width=&#8220;1\/3&#8243;][vc_column_text]<\/p>\n<h5 style=\"text-align: left;\"><b>Tren\u010diansky a\u00a0Nitriansky kraj<\/b><\/h5>\n<p><em>II. stupe\u0148 Z\u0160, Stredn\u00e9 \u0161koly<br \/>\n<\/em><br \/>\n<strong>Peter Vojtek<\/strong><em><br \/>\n<strong><a href=\"tel:0905499209\">0905 499 209<\/a><br \/>\n<a href=\"mailto:babadlo.vojtek@gmail.com\">babadlo.vojtek@gmail.com<\/a><\/strong><\/em>[\/vc_column_text][\/vc_column_inner][vc_column_inner width=&#8220;1\/3&#8243;][\/vc_column_inner][\/vc_row_inner][\/vc_column][vc_column width=&#8220;1\/4&#8243;][\/vc_column][\/vc_row][vc_row css=&#8220;.vc_custom_1724156533444{margin-top: 40px !important;}&#8220;][vc_column][\/vc_column][vc_column][vc_row_inner gap=&#8220;10&#8243;][vc_column_inner width=&#8220;1\/2&#8243;][vc_column_text el_class=&#8220;big&#8220;]<\/p>\n<h3 style=\"text-align: center;\">MANA\u017d\u00c9RKA POBO\u010cKY<\/h3>\n<p class=\"big\"><span style=\"color: #000000;\"><strong>Dorota Novotn\u00e1<\/strong><\/span><br \/>\n<a href=\"tel:0910 725 886\">0910 725 886<\/a><span style=\"color: #000000;\">, <\/span><br \/>\n<a href=\"mailto:babadlo.novotna@gmail.com\">babadlo.novotna@gmail.com<\/a><\/p>\n<p>[\/vc_column_text][\/vc_column_inner][vc_column_inner width=&#8220;1\/2&#8243;][vc_column_text]<\/p>\n<h3 style=\"text-align: center;\">OBJEDN\u00c1VANIE PREDSTAVEN\u00cd<\/h3>\n<p><strong><span style=\"color: #000000;\">Eva Dzugasov\u00e1<\/span><\/strong><br \/>\n<strong><a href=\"tel:0948 274 870\">0948 274 870<\/a><\/strong><br \/>\n<strong><a href=\"mailto:babadlo.dzugasova@gmail.com\">babadlo.dzugasova@gmail.com<\/a><\/strong><\/p>\n<p>[\/vc_column_text][\/vc_column_inner][\/vc_row_inner][\/vc_column][\/vc_row][vc_row][vc_column][vc_single_image image=&#8220;5737&#8243; alignment=&#8220;center&#8220;][\/vc_column][vc_column][vc_row_inner gap=&#8220;10&#8243;][vc_column_inner width=&#8220;1\/2&#8243;][vc_column_text el_class=&#8220;big&#8220;]<\/p>\n<h3 style=\"text-align: center;\">RIADITE\u013dKA DIVADLA<\/h3>\n<p><span style=\"color: #000000;\"><strong>Mgr. J\u00falia Labudov\u00e1<\/strong><\/span><br \/>\n<em><strong><a href=\"tel:0903488388\">0903 488 388<\/a><\/strong><\/em><br \/>\n<em><strong><a href=\"mailto:babadlo.presov@gmail.com\"> babadlo.presov@gmail.com<\/a><\/strong><\/em>[\/vc_column_text][\/vc_column_inner][vc_column_inner width=&#8220;1\/2&#8243;][vc_column_text]<\/p>\n<h3 style=\"text-align: center;\"><span style=\"color: #000000;\">FAKTURA\u010cN\u00c9 \u00daDAJE<\/span><\/h3>\n<div><span style=\"color: #000000;\"><strong>BABADLO n.o.<\/strong><\/span><\/div>\n<p><span style=\"color: #000000;\">mimovl\u00e1dna neziskov\u00e1 organiz\u00e1cia poskytuj\u00faca verejnoprospe\u0161n\u00e9 slu\u017eby<\/span><br \/>\n<span style=\"color: #000000;\">I\u010cO: 501 160 70<\/span><br \/>\n<span style=\"color: #000000;\">DI\u010c: 21 20 17 31 65<\/span><br \/>\n<span style=\"color: #000000;\">Slovensk\u00e1 sporite\u013e\u0148a, a. s.<\/span><\/p>\n<div><span style=\"color: #000000;\">IBAN: SK21 0900 0000 0005 0277 4487<\/span><\/div>\n<p>[\/vc_column_text][\/vc_column_inner][\/vc_row_inner][\/vc_column][\/vc_row][vc_row][vc_column][\/vc_column][\/vc_row][vc_row full_width=&#8220;stretch_row_content_no_spaces&#8220; disable_element=&#8220;yes&#8220;][vc_column]<div id='wrap_map_69d4e77634c4a' class='ultimate-map-wrapper ult-adjust-bottom-margin ' style='margin:0px;padding:0px; height:500px;'><div id='map_69d4e77634c4a' data-map_override='0' class='ultimate_google_map wpb_content_element ' style='width:100%;height:500px;'><\/div><\/div><script type='text\/javascript'>\n\t\t\t(function($) {\n  \t\t\t'use strict';\n\t\t\tvar map_map_69d4e77634c4a = null;\n\t\t\tvar coordinate_map_69d4e77634c4a;\n\t\t\tvar isDraggable = $(document).width() > 641 ? true : true;\n\t\t\ttry\n\t\t\t{\n\t\t\t\tvar map_map_69d4e77634c4a = null;\n\t\t\t\tvar coordinate_map_69d4e77634c4a;\n\t\t\t\tcoordinate_map_69d4e77634c4a=new google.maps.LatLng(48.97891, 21.2727);\n\t\t\t\tvar mapOptions=\n\t\t\t\t{\n\t\t\t\t\tzoom: 19,\n\t\t\t\t\tcenter: coordinate_map_69d4e77634c4a,\n\t\t\t\t\tscaleControl: true,\n\t\t\t\t\tstreetViewControl: true,\n\t\t\t\t\tmapTypeControl: false,\n\t\t\t\t\tpanControl: false,\n\t\t\t\t\tzoomControl: true,\n\t\t\t\t\tscrollwheel: true,\n\t\t\t\t\tdraggable: isDraggable,\n\t\t\t\t\tzoomControlOptions: {\n\t\t\t\t\t\tposition: google.maps.ControlPosition.RIGHT_BOTTOM\n\t\t\t\t\t}, mapTypeControlOptions: {\n\t\t\t\t\t  \t\tmapTypeIds: [google.maps.MapTypeId.SATELLITE, 'map_style']\n\t\t\t\t\t\t}};var styles = [\n\u3000{\n\u3000\u3000\"stylers\": [\n\u3000\u3000\u3000{ \"hue\": \"#ff8800\" },\n\u3000\u3000\u3000{ \"saturation\": -77 },\n\u3000\u3000\u3000{ \"lightness\": -12 }\n\u3000\u3000]\n\u3000}\n];\n\t\t\t\t\t\tvar styledMap = new google.maps.StyledMapType(styles,\n\t\t\t\t\t    \t{name: \"Styled Map\"});var map_map_69d4e77634c4a = new google.maps.Map(document.getElementById('map_69d4e77634c4a'),mapOptions);map_map_69d4e77634c4a.mapTypes.set('map_style', styledMap);\n \t\t\t\t\t\t\t map_map_69d4e77634c4a.setMapTypeId('map_style');\n\t\t\t\t\t\tvar x = 'infowindow_open_value';\n\t\t\t\t\t\tvar marker_map_69d4e77634c4a = new google.maps.Marker({\n\t\t\t\t\t\tposition: new google.maps.LatLng(48.97891, 21.2727),\n\t\t\t\t\t\tanimation:  google.maps.Animation.DROP,\n\t\t\t\t\t\tmap: map_map_69d4e77634c4a,\n\t\t\t\t\t\ticon: ''\n\t\t\t\t\t});\n\t\t\t\t\tgoogle.maps.event.addListener(marker_map_69d4e77634c4a, 'click', toggleBounce);var infowindow = new google.maps.InfoWindow();\n\t\t\t\t\t\t\tinfowindow.setContent('<div class=\"map_info_text\" style=\\'color:#000;\\'><\/p> <p style=\"text-align: center\"><strong>Divadlo BABADLO<\/strong><br \/> Solivarsk\u00e1 80<br \/> Pre\u0161ov<\/p> <p><\/div>');google.maps.event.addListener(marker_map_69d4e77634c4a, 'click', function() {\n\t\t\t\t\t\t\t\tinfowindow.open(map_map_69d4e77634c4a,marker_map_69d4e77634c4a);\n\t\t\t\t\t\t  \t});}\n\t\t\tcatch(e){};\n\t\t\tjQuery(document).ready(function($){\n\t\t\t\tgoogle.maps.event.trigger(map_map_69d4e77634c4a, 'resize');\n\t\t\t\t$(window).resize(function(){\n\t\t\t\t\tgoogle.maps.event.trigger(map_map_69d4e77634c4a, 'resize');\n\t\t\t\t\tif(map_map_69d4e77634c4a!=null)\n\t\t\t\t\t\tmap_map_69d4e77634c4a.setCenter(coordinate_map_69d4e77634c4a);\n\t\t\t\t});\n\t\t\t\t$('.ui-tabs').bind('tabsactivate', function(event, ui) {\n\t\t\t\t   if($(this).find('.ultimate-map-wrapper').length > 0)\n\t\t\t\t\t{\n\t\t\t\t\t\tsetTimeout(function(){\n\t\t\t\t\t\t\t$(window).trigger('resize');\n\t\t\t\t\t\t},200);\n\t\t\t\t\t}\n\t\t\t\t});\n\t\t\t\t$('.ui-accordion').bind('accordionactivate', function(event, ui) {\n\t\t\t\t   if($(this).find('.ultimate-map-wrapper').length > 0)\n\t\t\t\t\t{\n\t\t\t\t\t\tsetTimeout(function(){\n\t\t\t\t\t\t\t$(window).trigger('resize');\n\t\t\t\t\t\t},200);\n\t\t\t\t\t}\n\t\t\t\t});\n\t\t\t\t$(window).load(function(){\n\t\t\t\t\tsetTimeout(function(){\n\t\t\t\t\t\t$(window).trigger('resize');\n\t\t\t\t\t},200);\n\t\t\t\t});\n\t\t\t\t$('.ult_exp_section').select(function(){\n\t\t\t\t\tif($(map_map_69d4e77634c4a).parents('.ult_exp_section'))\n\t\t\t\t\t{\n\t\t\t\t\t\tsetTimeout(function(){\n\t\t\t\t\t\t\t$(window).trigger('resize');\n\t\t\t\t\t\t},200);\n\t\t\t\t\t}\n\t\t\t\t});\n\t\t\t\t$(document).on('onUVCModalPopupOpen', function(){\n\t\t\t\t\tif($(map_map_69d4e77634c4a).parents('.ult_modal-content'))\n\t\t\t\t\t{\n\t\t\t\t\t\tsetTimeout(function(){\n\t\t\t\t\t\t\t$(window).trigger('resize');\n\t\t\t\t\t\t},200);\n\t\t\t\t\t}\n\t\t\t\t});\n\t\t\t\t$(document).on('click','.ult_tab_li',function(){\n\t\t\t\t\t$(window).trigger('resize');\n\t\t\t\t\tsetTimeout(function(){\n\t\t\t\t\t\t$(window).trigger('resize');\n\t\t\t\t\t},200);\n\t\t\t\t});\n\t\t\t});\n\t\t\tfunction toggleBounce() {\n\t\t\t  if (marker_map_69d4e77634c4a.getAnimation() != null) {\n\t\t\t\tmarker_map_69d4e77634c4a.setAnimation(null);\n\t\t\t  } else {\n\t\t\t\tmarker_map_69d4e77634c4a.setAnimation(google.maps.Animation.BOUNCE);\n\t\t\t  }\n\t\t\t}\n\t\t\t})(jQuery);\n\t\t\t<\/script>[\/vc_column][\/vc_row]<\/p>\n","protected":false},"excerpt":{"rendered":"<p>[vc_row full_width=&#8220;stretch_row_content_no_spaces&#8220; css=&#8220;.vc_custom_1464880050203{margin-bottom: -30px !important;}&#8220;][vc_column css=&#8220;.vc_custom_1464864401750{margin-top: 0px !important;margin-right: 0px !important;margin-bottom: -10px !important;margin-left: 0px !important;border-top-width: 0px !important;border-right-width: 0px !important;border-bottom-width: 0px !important;border-left-width: 0px !important;padding-top: 0px !important;padding-right: 0px !important;padding-bottom: [&hellip;]<\/p>\n","protected":false},"author":7,"featured_media":6707,"parent":0,"menu_order":0,"comment_status":"closed","ping_status":"closed","template":"","meta":{"footnotes":""},"class_list":["post-17","page","type-page","status-publish","has-post-thumbnail","hentry"],"_links":{"self":[{"href":"https:\/\/babadlo.sk\/bratislava\/wp-json\/wp\/v2\/pages\/17","targetHints":{"allow":["GET"]}}],"collection":[{"href":"https:\/\/babadlo.sk\/bratislava\/wp-json\/wp\/v2\/pages"}],"about":[{"href":"https:\/\/babadlo.sk\/bratislava\/wp-json\/wp\/v2\/types\/page"}],"author":[{"embeddable":true,"href":"https:\/\/babadlo.sk\/bratislava\/wp-json\/wp\/v2\/users\/7"}],"replies":[{"embeddable":true,"href":"https:\/\/babadlo.sk\/bratislava\/wp-json\/wp\/v2\/comments?post=17"}],"version-history":[{"count":24,"href":"https:\/\/babadlo.sk\/bratislava\/wp-json\/wp\/v2\/pages\/17\/revisions"}],"predecessor-version":[{"id":6725,"href":"https:\/\/babadlo.sk\/bratislava\/wp-json\/wp\/v2\/pages\/17\/revisions\/6725"}],"wp:featuredmedia":[{"embeddable":true,"href":"https:\/\/babadlo.sk\/bratislava\/wp-json\/wp\/v2\/media\/6707"}],"wp:attachment":[{"href":"https:\/\/babadlo.sk\/bratislava\/wp-json\/wp\/v2\/media?parent=17"}],"curies":[{"name":"wp","href":"https:\/\/api.w.org\/{rel}","templated":true}]}}