{"id":6583,"date":"2025-01-28T14:17:41","date_gmt":"2025-01-28T13:17:41","guid":{"rendered":"https:\/\/babadlo.sk\/bratislava\/?page_id=6583"},"modified":"2026-02-16T17:40:50","modified_gmt":"2026-02-16T16:40:50","slug":"ponuka-pre-zakladne-skoly","status":"publish","type":"page","link":"https:\/\/babadlo.sk\/bratislava\/pre-skoly\/ponuka-pre-zakladne-skoly\/","title":{"rendered":"Ponuka pre z\u00e1kladn\u00e9 \u0161koly"},"content":{"rendered":"<div class=\"wpb-content-wrapper\"><p>[vc_row full_width=&#8220;stretch_row_content_no_spaces&#8220; css=&#8220;.vc_custom_1464881355805{margin-top: -30px !important;}&#8220;][vc_column][vc_single_image image=&#8220;31&#8243; img_size=&#8220;full&#8220; alignment=&#8220;center&#8220; css=&#8220;.vc_custom_1464864383711{margin-top: 0px !important;margin-right: 0px !important;margin-bottom: -10px !important;margin-left: 0px !important;border-top-width: 0px !important;border-right-width: 0px !important;border-bottom-width: 0px !important;border-left-width: 0px !important;padding-top: 0px !important;padding-right: 0px !important;padding-bottom: 0px !important;padding-left: 0px !important;}&#8220;][\/vc_column][\/vc_row][vc_row][\/vc_row][vc_row][vc_column][vc_column_text]<img loading=\"lazy\" decoding=\"async\" class=\"aligncenter size-full wp-image-6760\" src=\"https:\/\/babadlo.sk\/wp-content\/uploads\/2024\/11\/Untitled_Artwork-e1730845770982.png\" alt=\"\" width=\"141\" height=\"56\" \/>[\/vc_column_text][\/vc_column][\/vc_row][vc_row][vc_column width=&#8220;2\/3&#8243; el_class=&#8220;green-box custom-content-box left-content-box&#8220;][vc_column_text]<\/p>\n<h1 style=\"text-align: center;\"><span style=\"color: #008000;\">V\u00fdznam zaradenia n\u00e1v\u0161tevy divadla pre \u017eiakov Z\u0160<\/span><\/h1>\n<h2 style=\"text-align: center;\">a vplyv dramatick\u00e9ho \u017eiv\u00e9ho umenia v technologickom svete pre deti vo veku 8\u201314 rokov<\/h2>\n<p>V technologickom svete, kde deti \u010doraz viac \u010dasu tr\u00e1via vo virtu\u00e1lnom priestore, m\u00e1 divadlo nenahradite\u013en\u00fa \u00falohu. Poskytuje \u017eiv\u00fd, emocion\u00e1lny a spolo\u010densk\u00fd z\u00e1\u017eitok, ktor\u00fd podporuje ich osobnostn\u00fd, emocion\u00e1lny a intelektu\u00e1lny rast.<br \/>\nN\u00e1v\u0161teva divadeln\u00fdch predstaven\u00ed je preto nevyhnutnou s\u00fa\u010das\u0165ou komplexn\u00e9ho vzdel\u00e1vania a v\u00fdchovy det\u00ed vo veku 8\u201314 rokov, preto\u017ee im pon\u00faka mo\u017enosti, ktor\u00e9 technol\u00f3gie nem\u00f4\u017eu plne nahradi\u0165.<\/p>\n<ol>\n<li><strong>Rozvoj emocion\u00e1lnej inteligencie<\/strong><\/li>\n<li><strong>Podpora rozvoja kreativity<\/strong><\/li>\n<li><strong>Budovanie kult\u00farneho a estetick\u00e9ho vn\u00edmania<\/strong><\/li>\n<li><strong>Prepojenie s u\u010debn\u00fdm procesom<\/strong><\/li>\n<li><strong>Posil\u0148ovanie soci\u00e1lnych zru\u010dnost\u00ed<\/strong><\/li>\n<li><strong>\u00danik z technologick\u00e9ho sveta<\/strong><\/li>\n<li><strong>Vplyv na hodnotov\u00fd syst\u00e9m<\/strong><\/li>\n<li><strong>Rozvoj kritick\u00e9ho myslenia<\/strong><\/li>\n<li><strong>Podpora osobnostn\u00e9ho rozvoja<\/strong><\/li>\n<\/ol>\n<p><a href=\"https:\/\/babadlo.sk\/wp-content\/uploads\/2024\/11\/Metodicky-list-vyznam-divadla-pre-ZS.pdf\" target=\"_blank\" rel=\"noopener\" download=\"Metodicky-list-Vyznam-divadla-pre-ZS.pdf\">Metodick\u00fd list- v\u00fdznam divadla pre z\u00e1kladn\u00e9 \u0161koly<\/a>[\/vc_column_text][\/vc_column][vc_column width=&#8220;1\/3&#8243; el_class=&#8220;light-blue-box custom-content-box list-content-box&#8220;][vc_column_text]<\/p>\n<h1 style=\"text-align: center;\">Ponuka predstaven\u00ed na \u0161kolsk\u00fd rok 2025\/2026<\/h1>\n<h2 style=\"text-align: center;\">I. stupe\u0148<\/h2>\n<p><strong><a href=\"https:\/\/babadlo.sk\/bratislava\/program\/repertoar\/ako-psicek-a-macicka\/\">Ako ps\u00ed\u010dek a ma\u010di\u010dka&#8230;<\/a><\/strong><br \/>\n<span style=\"padding-left: 40px;\"><a href=\"https:\/\/babadlo.sk\/bratislava\/wp-content\/uploads\/sites\/2\/2025\/09\/Metodicky-list-PaM.docx\" target=\"_blank\" rel=\"noopener\" download=\"Metodicky-list-PaM.docx\">Metodick\u00fd list &#8211; Ako ps\u00ed\u010dek a ma\u010di\u010dka&#8230;<\/a><\/span><br \/>\n<strong><a href=\"https:\/\/babadlo.sk\/bratislava\/program\/repertoar\/danka-a-janka\/\">Danka a Janka<\/a><\/strong><br \/>\n<strong><a href=\"https:\/\/babadlo.sk\/bratislava\/program\/repertoar\/skarede-kaciatko\/\">\u0160kared\u00e9 ka\u010diatko<\/a><\/strong><br \/>\n<span style=\"padding-left: 40px;\"><a href=\"https:\/\/babadlo.sk\/bratislava\/wp-content\/uploads\/sites\/2\/2025\/02\/Metodicky-list-Kaciatko.pdf\" target=\"_blank\" rel=\"noopener\" download=\"Metodicky-list-Kaciatko.pdf\">Metodick\u00fd list &#8211; \u0160kared\u00e9 ka\u010diatko<\/a><\/span><br \/>\n<strong><a href=\"https:\/\/babadlo.sk\/bratislava\/ako-sova-liske-bajky-citala\/\">Ako sova l\u00ed\u0161ke b\u00e1jky \u010ditala<\/a><\/strong><br \/>\n<span style=\"padding-left: 40px;\"><a href=\"https:\/\/babadlo.sk\/bratislava\/wp-content\/uploads\/sites\/2\/2025\/02\/Metodicky-list-ako-sova-liske-bajky-citala.pdf\" target=\"_blank\" rel=\"noopener\" download=\"Metodicky-list-ako-sova-liske-bajky-citala.pdf\">Metodick\u00fd list &#8211; Ako sova l\u00ed\u0161ke&#8230;<\/a><\/span><\/p>\n<h2 style=\"text-align: center;\">Viano\u010dn\u00e1 ponuka<\/h2>\n<p><strong><a href=\"https:\/\/babadlo.sk\/bratislava\/od-ondreja-do-troch-kralov\/\" target=\"_blank\" rel=\"noopener\">Od Ondreja do troch kr\u00e1\u013eov<\/a><\/strong><\/p>\n<p><!--\n<a href=\"https:\/\/babadlo.sk\/bratislava\/program\/repertoar\/sen-jedneho-duba\/\">Sen jedn\u00e9ho duba<\/a>\n<span style=\"padding-left: 40px;\"><a href=\"https:\/\/babadlo.sk\/bratislava\/wp-content\/uploads\/sites\/2\/2025\/02\/Metodicky-list-sen-jedneho-duba.pdf\" target=\"_blank\" rel=\"noopener\" download=\"Metodicky-list-sen-jedneho-duba.pdf\">Metodick\u00fd list - Sen jedn\u00e9ho duba<\/a><\/span>\n-->[\/vc_column_text][\/vc_column][\/vc_row]<\/p>\n<\/div>","protected":false},"excerpt":{"rendered":"<p>[vc_row full_width=&#8220;stretch_row_content_no_spaces&#8220; css=&#8220;.vc_custom_1464881355805{margin-top: -30px !important;}&#8220;][vc_column][vc_single_image image=&#8220;31&#8243; img_size=&#8220;full&#8220; alignment=&#8220;center&#8220; css=&#8220;.vc_custom_1464864383711{margin-top: 0px !important;margin-right: 0px !important;margin-bottom: -10px !important;margin-left: 0px !important;border-top-width: 0px !important;border-right-width: 0px !important;border-bottom-width: 0px !important;border-left-width: 0px !important;padding-top: 0px [&hellip;]<\/p>\n","protected":false},"author":1,"featured_media":6713,"parent":263,"menu_order":0,"comment_status":"closed","ping_status":"closed","template":"","meta":{"rs_blank_template":"","rs_page_bg_color":"","slide_template_v7":"","footnotes":""},"class_list":["post-6583","page","type-page","status-publish","has-post-thumbnail","hentry"],"_links":{"self":[{"href":"https:\/\/babadlo.sk\/bratislava\/wp-json\/wp\/v2\/pages\/6583","targetHints":{"allow":["GET"]}}],"collection":[{"href":"https:\/\/babadlo.sk\/bratislava\/wp-json\/wp\/v2\/pages"}],"about":[{"href":"https:\/\/babadlo.sk\/bratislava\/wp-json\/wp\/v2\/types\/page"}],"author":[{"embeddable":true,"href":"https:\/\/babadlo.sk\/bratislava\/wp-json\/wp\/v2\/users\/1"}],"replies":[{"embeddable":true,"href":"https:\/\/babadlo.sk\/bratislava\/wp-json\/wp\/v2\/comments?post=6583"}],"version-history":[{"count":12,"href":"https:\/\/babadlo.sk\/bratislava\/wp-json\/wp\/v2\/pages\/6583\/revisions"}],"predecessor-version":[{"id":6813,"href":"https:\/\/babadlo.sk\/bratislava\/wp-json\/wp\/v2\/pages\/6583\/revisions\/6813"}],"up":[{"embeddable":true,"href":"https:\/\/babadlo.sk\/bratislava\/wp-json\/wp\/v2\/pages\/263"}],"wp:featuredmedia":[{"embeddable":true,"href":"https:\/\/babadlo.sk\/bratislava\/wp-json\/wp\/v2\/media\/6713"}],"wp:attachment":[{"href":"https:\/\/babadlo.sk\/bratislava\/wp-json\/wp\/v2\/media?parent=6583"}],"curies":[{"name":"wp","href":"https:\/\/api.w.org\/{rel}","templated":true}]}}