{"id":336,"date":"2024-02-06T01:22:36","date_gmt":"2024-02-06T00:22:36","guid":{"rendered":"http:\/\/projektwebu.sk\/babadlo\/?page_id=336"},"modified":"2025-10-13T17:51:16","modified_gmt":"2025-10-13T15:51:16","slug":"pavol-pivko","status":"publish","type":"page","link":"https:\/\/babadlo.sk\/puchov\/o-divadle\/pavol-pivko\/","title":{"rendered":"Pavol Pivko"},"content":{"rendered":"<div class=\"wpb-content-wrapper\"><p>[vc_row][vc_column][vc_column_text]<\/p>\r\n<p><p>[\/vc_column_text][\/vc_column][\/vc_row][vc_row][vc_column width=&#8220;2\/3&#8243;][vc_row_inner][vc_column_inner width=&#8220;2\/3&#8243;][vc_column_text]<\/p>\n<p><b><span style=\"font-family: arial, sans-serif;\">Kto som ?<\/span><\/b><br \/>Vol\u00e1m sa Pavol Pivko, poch\u00e1dzam zo Stre\u017een\u00edc pri P\u00fachove. Vy\u0161tudoval som herectvo, 10 rokov som pracoval ako herec v Spi\u0161skom divadle a taktie\u017e som spolupracoval aj s r\u00f4znymi divadlami, rozhlasom, telev\u00edziou a na\u010d\u00edtaval som audioknihy. U\u010d\u00edm na ZU\u0160ke, venujem sa dabingu a moderovaniu&#8230;<br \/><span style=\"font-family: arial, sans-serif;\"><br \/><\/span><b><span style=\"font-family: arial, sans-serif;\">Kedy som po\u010dul prv\u00fdkr\u00e1t o\u00a0BABADLE?<\/span><\/b><br \/>Prv\u00fd kr\u00e1t som po\u010dul o Babadle e\u0161te na vysokej \u0161kole&#8230;<br \/><span style=\"font-family: arial, sans-serif;\"><br \/><\/span><b><span style=\"font-family: arial, sans-serif;\">Ako dlho spolupracujem s\u00a0BABADLOM a\u00a0pre\u010do ?<\/span><\/b><br \/>S Babadlom som e\u0161te nespolupracoval&#8230;<br \/><span style=\"font-family: arial, sans-serif;\"><br \/><\/span><b><span style=\"font-family: arial, sans-serif;\">\u010co mi priniesol do \u017eivota svet b\u00e1bkov\u00e9ho divadla ?<\/span><\/b><br \/>Som v\u010fa\u010dn\u00fd za nov\u00fa sk\u00fasenos\u0165 s b\u00e1bkov\u00fdm divadlom, ktor\u00e9 je fenom\u00e9nom samo o sebe&#8230;<\/p>\n<p>[\/vc_column_text][\/vc_column_inner][vc_column_inner width=&#8220;1\/3&#8243; offset=&#8220;vc_hidden-lg vc_hidden-md vc_hidden-sm vc_hidden-xs&#8220;][vc_column_text]V Babadle od roku 2012<\/p>\n<p>[\/vc_column_text][vc_column_text]<\/p>\n<p>Inscen\u00e1cie:<\/p>\n<div class=\"gmail_default\"><span style=\"text-decoration: underline;\"><strong><a href=\"https:\/\/babadlo.sk\/topolcany\/program\/repertoar\/vianoce-s-kulisiakom\/\">Vianoce s Kuli\u0161iakom<\/a><\/strong><\/span><br \/><span style=\"text-decoration: underline;\"><strong><a href=\"https:\/\/babadlo.sk\/topolcany\/program\/repertoar\/ali-baba\/\">Ali Baba<\/a><\/strong><\/span><br \/><span style=\"text-decoration: underline;\"><strong><a href=\"https:\/\/babadlo.sk\/topolcany\/program\/repertoar\/kral-drozdia-brada\/\">Kr\u00e1\u013e Drozdia\u00a0Brada<\/a><\/strong><\/span><br \/><span style=\"text-decoration: underline;\"><strong><a href=\"https:\/\/babadlo.sk\/topolcany\/program\/repertoar\/statocny-cinovy-vojacik\/\">Stato\u010dn\u00fd c\u00ednov\u00fd voja\u010dik<\/a><\/strong><\/span><br \/><span style=\"text-decoration: underline;\"><strong><a href=\"https:\/\/babadlo.sk\/topolcany\/program\/repertoar\/sen-jedneho-duba\/\">Sen jedn\u00e9ho duba<\/a>\u00a0<\/strong><\/span><br \/><span style=\"text-decoration: underline;\"><strong> Ako i\u0161lo vajce do sveta<\/strong><\/span><br \/><span style=\"text-decoration: underline;\"><strong>Zelen\u00e9 jelene<\/strong><\/span><br \/><span style=\"text-decoration: underline;\"><strong>Betleh\u00e9m<\/strong><\/span><br \/><span style=\"text-decoration: underline;\"><strong>AKo sa Oto nedo\u010dkal<\/strong><\/span><br \/><span style=\"text-decoration: underline;\"><strong>O malom nerv\u00f3znom prasiatku<\/strong><\/span><\/div>\n<div>\u00a0<\/div>\n<p>[\/vc_column_text][\/vc_column_inner][\/vc_row_inner][vc_gallery type=&#8220;image_grid&#8220; images=&#8220;5086,5094&#8243;][\/vc_column][vc_column width=&#8220;1\/3&#8243;][vc_single_image image=&#8220;6252&#8243; img_size=&#8220;large&#8220; alignment=&#8220;center&#8220; style=&#8220;vc_box_rounded&#8220;][\/vc_column][\/vc_row][vc_row][vc_column][\/vc_column][\/vc_row][vc_row][vc_column][vc_column_text]<\/p>\n<\/p>\r\n<p>[\/vc_column_text][\/vc_column][\/vc_row][vc_row][vc_column][\/vc_column][\/vc_row][vc_row][vc_column][vc_column_text]<\/p>\r\n<p>[\/vc_column_text][\/vc_column][\/vc_row]<\/p><\/div>","protected":false},"excerpt":{"rendered":"<p>[vc_row][vc_column][vc_column_text] [\/vc_column_text][\/vc_column][\/vc_row][vc_row][vc_column][\/vc_column][\/vc_row][vc_row][vc_column][vc_column_text] [\/vc_column_text][\/vc_column][\/vc_row]<\/p>\n","protected":false},"author":7,"featured_media":6256,"parent":104,"menu_order":0,"comment_status":"closed","ping_status":"closed","template":"","meta":{"rs_blank_template":"","rs_page_bg_color":"","slide_template_v7":"","footnotes":""},"class_list":["post-336","page","type-page","status-publish","has-post-thumbnail","hentry"],"_links":{"self":[{"href":"https:\/\/babadlo.sk\/puchov\/wp-json\/wp\/v2\/pages\/336","targetHints":{"allow":["GET"]}}],"collection":[{"href":"https:\/\/babadlo.sk\/puchov\/wp-json\/wp\/v2\/pages"}],"about":[{"href":"https:\/\/babadlo.sk\/puchov\/wp-json\/wp\/v2\/types\/page"}],"author":[{"embeddable":true,"href":"https:\/\/babadlo.sk\/puchov\/wp-json\/wp\/v2\/users\/7"}],"replies":[{"embeddable":true,"href":"https:\/\/babadlo.sk\/puchov\/wp-json\/wp\/v2\/comments?post=336"}],"version-history":[{"count":12,"href":"https:\/\/babadlo.sk\/puchov\/wp-json\/wp\/v2\/pages\/336\/revisions"}],"predecessor-version":[{"id":6255,"href":"https:\/\/babadlo.sk\/puchov\/wp-json\/wp\/v2\/pages\/336\/revisions\/6255"}],"up":[{"embeddable":true,"href":"https:\/\/babadlo.sk\/puchov\/wp-json\/wp\/v2\/pages\/104"}],"wp:featuredmedia":[{"embeddable":true,"href":"https:\/\/babadlo.sk\/puchov\/wp-json\/wp\/v2\/media\/6256"}],"wp:attachment":[{"href":"https:\/\/babadlo.sk\/puchov\/wp-json\/wp\/v2\/media?parent=336"}],"curies":[{"name":"wp","href":"https:\/\/api.w.org\/{rel}","templated":true}]}}