{"id":4014,"date":"2020-01-06T21:19:10","date_gmt":"2020-01-06T20:19:10","guid":{"rendered":"https:\/\/babadlo.sk\/?page_id=4014"},"modified":"2025-10-13T17:50:25","modified_gmt":"2025-10-13T15:50:25","slug":"zakladajuci-clenovia-a-clenovia-spravnej-rady","status":"publish","type":"page","link":"https:\/\/babadlo.sk\/puchov\/o-divadle\/zakladajuci-clenovia-a-clenovia-spravnej-rady\/","title":{"rendered":"Zakladaj\u00faci \u010dlenovia a \u010dlenovia spr\u00e1vnej rady"},"content":{"rendered":"<div class=\"wpb-content-wrapper\"><p>[vc_row full_width=&#8220;stretch_row_content_no_spaces&#8220; css=&#8220;.vc_custom_1464881355805{margin-top: -30px !important;}&#8220;][vc_column][vc_single_image image=&#8220;5839&#8243; img_size=&#8220;full&#8220; alignment=&#8220;center&#8220; css=&#8220;.vc_custom_1707176880415{margin-top: 0px !important;margin-right: 0px !important;margin-bottom: -10px !important;margin-left: 0px !important;border-top-width: 0px !important;border-right-width: 0px !important;border-bottom-width: 0px !important;border-left-width: 0px !important;padding-top: 0px !important;padding-right: 0px !important;padding-bottom: 0px !important;padding-left: 0px !important;}&#8220;][\/vc_column][\/vc_row][vc_row][vc_column el_id=&#8220;zaklad&#8220;][vc_column_text]<\/p>\n<h3 style=\"text-align: center;\">Umeleck\u00fd s\u00fabor<\/h3>\n<p>[\/vc_column_text][\/vc_column][\/vc_row][vc_row][vc_column width=&#8220;1\/12&#8243;][\/vc_column][vc_column width=&#8220;2\/12&#8243;][\/vc_column][vc_column width=&#8220;2\/12&#8243;][\/vc_column][vc_column width=&#8220;2\/12&#8243;]<div tabindex=\"0\" class=\"ult-new-ib ult-ib-effect-style1  ult-ib-resp  \" data-min-width=\"768\" data-max-width=\"900\" style=\"background:#3d1c06;\" data-opacity=\"1\" data-hover-opacity=\"0.3\" ><img decoding=\"async\" class=\"ult-new-ib-img\" style=\"opacity:1;\" alt=\"null\" src=\"https:\/\/babadlo.sk\/puchov\/wp-content\/uploads\/sites\/3\/2025\/10\/Pivko-F.jpg\"   \/><div id=\"interactive-banner-wrap-6917\" class=\"ult-new-ib-desc\" style=\"\"><h2 class=\"ult-new-ib-title ult-responsive\"  data-ultimate-target='#interactive-banner-wrap-6917 .ult-new-ib-title'  data-responsive-json-new='{\"font-size\":\"desktop:12px;\",\"line-height\":\"\"}'  style=\"font-weight:bold;\">Pavol Pivko<\/h2><\/div><a class=\"ult-new-ib-link\" href=\"https:\/\/babadlo.sk\/puchov\/o-divadle\/pavol-pivko\/\" title=\"Pavol Pivko\"  ><\/a><\/div>[\/vc_column][vc_column width=&#8220;2\/12&#8243;][\/vc_column][vc_column width=&#8220;2\/12&#8243;][\/vc_column][vc_column width=&#8220;1\/12&#8243;][\/vc_column][\/vc_row][vc_row][vc_column][vc_raw_js]JTNDc2NyaXB0JTIwdHlwZSUzRCUyMnRleHQlMkZqYXZhc2NyaXB0JTIyJTNFdmFyJTIwYm9keSUyMCUzRCUyMGRvY3VtZW50LmdldEVsZW1lbnRzQnlUYWdOYW1lJTI4JTI3Ym9keSUyNyUyOSU1QjAlNUQlM0IlMEFib2R5LnN0eWxlLmJhY2tncm91bmRJbWFnZSUyMCUzRCUyMCUyN3VybCUyOGh0dHBzJTNBJTJGJTJGYmFiYWRsby5zayUyRnRvcG9sY2FueSUyRndwLWNvbnRlbnQlMkZ1cGxvYWRzJTJGc2l0ZXMlMkYzJTJGMjAyNCUyRjAxJTJGYmctZ3JlZW4tdmFyaWFudDItMTUweDE1MC5qcGclMjklMjclM0IlMEElMjJ1cmwlMjhodHRwcyUzQSUyRiUyRmJhYmFkbG8uc2slMkZ0b3BvbGNhbnklMkZ3cC1jb250ZW50JTJGdXBsb2FkcyUyRnNpdGVzJTJGMyUyRjIwMjQlMkYwMSUyRmJnLWdyZWVuLXZhcmlhbnQyLTE1MHgxNTAuanBnJTI5JTIyJTNDJTJGc2NyaXB0JTNF[\/vc_raw_js][\/vc_column][\/vc_row][vc_row][vc_column][vc_raw_js]JTNDc2NyaXB0JTIwdHlwZSUzRCUyMnRleHQlMkZqYXZhc2NyaXB0JTIyJTNFdmFyJTIwYm9keSUyMCUzRCUyMGRvY3VtZW50LmdldEVsZW1lbnRzQnlUYWdOYW1lJTI4JTI3Ym9keSUyNyUyOSU1QjAlNUQlM0IlMEFib2R5LnN0eWxlLmJhY2tncm91bmRJbWFnZSUyMCUzRCUyMCUyN3VybCUyOGh0dHBzJTNBJTJGJTJGYmFiYWRsby5zayUyRndwLWNvbnRlbnQlMkZ1cGxvYWRzJTJGMjAxNiUyRjAyJTJGaG9tZV90ZWFfcGF0dGVybi5qcGclMjklMjclM0IlMEElMjJ1cmwlMjhodHRwJTNBJTJGJTJGYmFiYWRsby5zayUyRndwLWNvbnRlbnQlMkZ1cGxvYWRzJTJGMjAxNiUyRjExJTJGaG9tZV9tb2RyYS5qcGclMjklMjIlM0MlMkZzY3JpcHQlM0U=[\/vc_raw_js][\/vc_column][\/vc_row]<\/p>\n<\/div>","protected":false},"excerpt":{"rendered":"<p>[vc_row full_width=&#8220;stretch_row_content_no_spaces&#8220; css=&#8220;.vc_custom_1464881355805{margin-top: -30px !important;}&#8220;][vc_column][vc_single_image image=&#8220;5839&#8243; img_size=&#8220;full&#8220; alignment=&#8220;center&#8220; css=&#8220;.vc_custom_1707176880415{margin-top: 0px !important;margin-right: 0px !important;margin-bottom: -10px !important;margin-left: 0px !important;border-top-width: 0px !important;border-right-width: 0px !important;border-bottom-width: 0px !important;border-left-width: 0px !important;padding-top: 0px [&hellip;]<\/p>\n","protected":false},"author":7,"featured_media":0,"parent":104,"menu_order":0,"comment_status":"closed","ping_status":"closed","template":"","meta":{"rs_blank_template":"","rs_page_bg_color":"","slide_template_v7":"","footnotes":""},"class_list":["post-4014","page","type-page","status-publish","hentry"],"_links":{"self":[{"href":"https:\/\/babadlo.sk\/puchov\/wp-json\/wp\/v2\/pages\/4014","targetHints":{"allow":["GET"]}}],"collection":[{"href":"https:\/\/babadlo.sk\/puchov\/wp-json\/wp\/v2\/pages"}],"about":[{"href":"https:\/\/babadlo.sk\/puchov\/wp-json\/wp\/v2\/types\/page"}],"author":[{"embeddable":true,"href":"https:\/\/babadlo.sk\/puchov\/wp-json\/wp\/v2\/users\/7"}],"replies":[{"embeddable":true,"href":"https:\/\/babadlo.sk\/puchov\/wp-json\/wp\/v2\/comments?post=4014"}],"version-history":[{"count":10,"href":"https:\/\/babadlo.sk\/puchov\/wp-json\/wp\/v2\/pages\/4014\/revisions"}],"predecessor-version":[{"id":6254,"href":"https:\/\/babadlo.sk\/puchov\/wp-json\/wp\/v2\/pages\/4014\/revisions\/6254"}],"up":[{"embeddable":true,"href":"https:\/\/babadlo.sk\/puchov\/wp-json\/wp\/v2\/pages\/104"}],"wp:attachment":[{"href":"https:\/\/babadlo.sk\/puchov\/wp-json\/wp\/v2\/media?parent=4014"}],"curies":[{"name":"wp","href":"https:\/\/api.w.org\/{rel}","templated":true}]}}