{"id":5904,"date":"2024-02-08T04:19:19","date_gmt":"2024-02-08T03:19:19","guid":{"rendered":"https:\/\/babadlo.sk\/topolcany\/?page_id=5904"},"modified":"2025-08-18T17:47:58","modified_gmt":"2025-08-18T15:47:58","slug":"cover-page","status":"publish","type":"page","link":"https:\/\/babadlo.sk\/puchov\/","title":{"rendered":"cover-page"},"content":{"rendered":"<div class=\"wpb-content-wrapper\">[vc_row][vc_column][vc_column_text]<\/p>\n<h2 style=\"text-align: center; text-transform: uppercase; margin: 55px 0; font-family: 'Jackport'; font-size: 4rem; line-height: 1.25em;\">Vitajte a vst\u00fapte do n\u00e1\u0161ho sveta!!!<\/h2>\n<p>[\/vc_column_text][\/vc_column][\/vc_row][vc_row][vc_column][vc_column_text]<\/p>\n\n<p>[\/vc_column_text][\/vc_column][\/vc_row][vc_row][vc_column][vc_row_inner el_id=&#8220;cover-flex-row&#8220;][vc_column_inner width=&#8220;1\/3&#8243; el_id=&#8220;flex-bratislava&#8220;]<div id=\"highlight-box-wrap-3186\"  data-ultimate-target='#highlight-box-wrap-3186'  data-responsive-json-new='{\"font-size\":\"desktop:32px;\",\"line-height\":\"\"}'  class=\"ultimate-call-to-action ult-adjust-bottom-margin  ctaction-text-center ult-responsive\" style=\"font-weight:normal;color:#ffffff;padding-top:0px;padding-bottom:0px;\"  data-override=\"0\" ><div class=\"uvc-ctaction-data uvc-ctaction-data-no-effect ult-responsive\"><\/p>\n<p>&nbsp;<\/p>\n<p style=\"text-align: center;\"><a href=\"https:\/\/babadlo.sk\/bratislava\/home\/\"><img loading=\"lazy\" decoding=\"async\" class=\"aligncenter wp-image-5986\" src=\"https:\/\/babadlo.sk\/wp-content\/uploads\/2024\/01\/Logo_Bratislava-removebg-preview-e1706147406266-300x201.png\" alt=\"\" width=\"240\" height=\"161\" \/><\/a><\/p>\n<h2 class=\"region-title\" style=\"text-align: center;\"><a href=\"https:\/\/babadlo.sk\/bratislava\/home\/\">BRATISLAVSK\u00dd <\/a><br \/><a href=\"https:\/\/babadlo.sk\/bratislava\/home\/\">A TRNAVSK\u00dd KRAJ<\/a><\/h2>\n<p><\/div><\/div>[\/vc_column_inner][vc_column_inner width=&#8220;1\/3&#8243; el_id=&#8220;flex-presov&#8220;]<div id=\"highlight-box-wrap-8661\"  data-ultimate-target='#highlight-box-wrap-8661'  data-responsive-json-new='{\"font-size\":\"desktop:32px;\",\"line-height\":\"\"}'  class=\"ultimate-call-to-action ult-adjust-bottom-margin  ctaction-text-center ult-responsive\" style=\"font-weight:normal;color:#ffffff;padding-top:0px;padding-bottom:0px;\"  data-override=\"0\" ><div class=\"uvc-ctaction-data uvc-ctaction-data-no-effect ult-responsive\"><\/p>\n<p><a href=\"https:\/\/babadlo.sk\/home\/\"><img loading=\"lazy\" decoding=\"async\" class=\"wp-image-5987 size-medium aligncenter\" src=\"https:\/\/babadlo.sk\/wp-content\/uploads\/2024\/01\/Logo_Presov-removebg-preview-e1706147375501-300x206.png\" alt=\"\" width=\"300\" height=\"206\" \/><\/a><\/p>\n<h2 class=\"region-title\" style=\"text-align: center;\"><strong><a href=\"https:\/\/babadlo.sk\/home\/\">PRE\u0160OVSK\u00dd<\/a><\/strong><br \/><a href=\"https:\/\/babadlo.sk\/\"><strong>A KO\u0160ICK\u00dd KRAJ<\/strong><\/a><\/h2>\n<p><\/div><\/div>[\/vc_column_inner][vc_column_inner width=&#8220;1\/3&#8243; el_id=&#8220;flex-topolcany&#8220;]<div id=\"highlight-box-wrap-8001\"  data-ultimate-target='#highlight-box-wrap-8001'  data-responsive-json-new='{\"font-size\":\"desktop:32px;\",\"line-height\":\"\"}'  class=\"ultimate-call-to-action ult-adjust-bottom-margin  ctaction-text-center ult-responsive\" style=\"font-weight:normal;color:#ffffff;padding-top:0px;padding-bottom:0px;\"  data-override=\"0\" ><div class=\"uvc-ctaction-data uvc-ctaction-data-no-effect ult-responsive\"><\/p>\n<p>&nbsp;<\/p>\n<p style=\"text-align: center;\"><a href=\"https:\/\/babadlo.sk\/topolcany\/puchov\/home\/\"><img loading=\"lazy\" decoding=\"async\" class=\"aligncenter wp-image-5988\" src=\"https:\/\/babadlo.sk\/puchov\/wp-content\/uploads\/sites\/3\/2025\/08\/Logo_Puchov.png\" alt=\"\" width=\"240\" height=\"163\" data-wp-editing=\"1\" \/><\/a><\/p>\n<h2 class=\"region-title\" style=\"text-align: center;\"><a href=\"https:\/\/babadlo.sk\/puchov\/home\/\">\u017dILINSK\u00dd a TREN\u010cIANSK\u00dd KRAJ<\/a><br \/><\/h2>\n<p><\/div><\/div>[\/vc_column_inner][\/vc_row_inner][\/vc_column][\/vc_row][vc_row content_placement=&#8220;bottom&#8220;][vc_column][vc_single_image image=&#8220;5907&#8243; img_size=&#8220;full&#8220; alignment=&#8220;center&#8220; el_id=&#8220;siluete-img&#8220;][\/vc_column][\/vc_row][vc_row][vc_column][vc_raw_js]JTNDc2NyaXB0JTIwdHlwZSUzRCUyMnRleHQlMkZqYXZhc2NyaXB0JTIyJTNFdmFyJTIwYm9keSUyMCUzRCUyMGRvY3VtZW50LmdldEVsZW1lbnRzQnlUYWdOYW1lJTI4JTI3Ym9keSUyNyUyOSU1QjAlNUQlM0IlMEFib2R5LnN0eWxlLmJhY2tncm91bmRJbWFnZSUyMCUzRCUyMCUyN3VybCUyOGh0dHAlM0ElMkYlMkZiYWJhZGxvLnNrJTJGcHVjaG92JTJGd3AtY29udGVudCUyRnVwbG9hZHMlMkZzaXRlcyUyRjMlMkYyMDI0JTJGMDElMkZwb3phZGllLUNCLXdlYi0xLmpwZyUyOSUyNyUzQiUwQSUyMnVybCUyOGh0dHAlM0ElMkYlMkZiYWJhZGxvLnNrJTJGcHVjaG92JTJGd3AtY29udGVudCUyRnVwbG9hZHMlMkZzaXRlcyUyRjMlMkYyMDI0JTJGMDElMkZwb3phZGllLUNCLXdlYi0xLmpwZyUyOSUyMiUzQyUyRnNjcmlwdCUzRQ==[\/vc_raw_js][\/vc_column][\/vc_row]<\/p>\n<\/div>","protected":false},"excerpt":{"rendered":"<p>[vc_row][vc_column][vc_column_text] Vitajte a vst\u00fapte do n\u00e1\u0161ho sveta!!! [\/vc_column_text][\/vc_column][\/vc_row][vc_row][vc_column][vc_column_text]<\/p>\n","protected":false},"author":7,"featured_media":0,"parent":0,"menu_order":0,"comment_status":"closed","ping_status":"closed","template":"template-blank.php","meta":{"rs_blank_template":"","rs_page_bg_color":"","slide_template_v7":"","footnotes":""},"class_list":["post-5904","page","type-page","status-publish","hentry"],"_links":{"self":[{"href":"https:\/\/babadlo.sk\/puchov\/wp-json\/wp\/v2\/pages\/5904","targetHints":{"allow":["GET"]}}],"collection":[{"href":"https:\/\/babadlo.sk\/puchov\/wp-json\/wp\/v2\/pages"}],"about":[{"href":"https:\/\/babadlo.sk\/puchov\/wp-json\/wp\/v2\/types\/page"}],"author":[{"embeddable":true,"href":"https:\/\/babadlo.sk\/puchov\/wp-json\/wp\/v2\/users\/7"}],"replies":[{"embeddable":true,"href":"https:\/\/babadlo.sk\/puchov\/wp-json\/wp\/v2\/comments?post=5904"}],"version-history":[{"count":10,"href":"https:\/\/babadlo.sk\/puchov\/wp-json\/wp\/v2\/pages\/5904\/revisions"}],"predecessor-version":[{"id":6233,"href":"https:\/\/babadlo.sk\/puchov\/wp-json\/wp\/v2\/pages\/5904\/revisions\/6233"}],"wp:attachment":[{"href":"https:\/\/babadlo.sk\/puchov\/wp-json\/wp\/v2\/media?parent=5904"}],"curies":[{"name":"wp","href":"https:\/\/api.w.org\/{rel}","templated":true}]}}