{"id":6148,"date":"2025-01-28T14:56:29","date_gmt":"2025-01-28T13:56:29","guid":{"rendered":"https:\/\/babadlo.sk\/topolcany\/?page_id=6148"},"modified":"2025-10-13T19:45:43","modified_gmt":"2025-10-13T17:45:43","slug":"ponuka-pre-materske-skoly","status":"publish","type":"page","link":"https:\/\/babadlo.sk\/puchov\/pre-skoly\/ponuka-pre-materske-skoly\/","title":{"rendered":"Ponuka pre matersk\u00e9 \u0161koly"},"content":{"rendered":"<div class=\"wpb-content-wrapper\"><p>[vc_row full_width=&#8220;stretch_row_content_no_spaces&#8220; css=&#8220;.vc_custom_1464881355805{margin-top: -30px !important;}&#8220;][vc_column][vc_single_image image=&#8220;6140&#8243; img_size=&#8220;full&#8220; alignment=&#8220;center&#8220; css=&#8220;.vc_custom_1738072605310{margin-top: 0px !important;margin-right: 0px !important;margin-bottom: -10px !important;margin-left: 0px !important;border-top-width: 0px !important;border-right-width: 0px !important;border-bottom-width: 0px !important;border-left-width: 0px !important;padding-top: 0px !important;padding-right: 0px !important;padding-bottom: 0px !important;padding-left: 0px !important;}&#8220;][\/vc_column][\/vc_row][vc_row][\/vc_row][vc_row][vc_column][vc_column_text]<\/p>\n<p><img loading=\"lazy\" decoding=\"async\" class=\"aligncenter wp-image-6760 size-full\" src=\"https:\/\/babadlo.sk\/wp-content\/uploads\/2024\/11\/Untitled_Artwork-e1730845770982.png\" alt=\"\" width=\"141\" height=\"56\" \/><\/p>\n<p>[\/vc_column_text][\/vc_column][\/vc_row][vc_row][vc_column width=&#8220;2\/3&#8243; el_class=&#8220;blue-box custom-content-box left-content-box&#8220;][vc_column_text]<\/p>\n<h3>V\u00fdznam b\u00e1bkov\u00e9ho divadla pre deti pred\u0161kolsk\u00e9ho veku<\/h3>\n<ol>\n<li>\u00a0Rozvoj re\u010di a komunika\u010dn\u00fdch schopnost\u00ed<\/li>\n<li>\u00a0Rozvoj soci\u00e1lnych a emocion\u00e1lnych zru\u010dnost\u00ed<\/li>\n<li>\u00a0Podpora kreativity a fant\u00e1zie<\/li>\n<li>\u00a0Podpora emocion\u00e1lnej regul\u00e1cie<\/li>\n<li>\u00a0Vizu\u00e1lne a sluchov\u00e9 vn\u00edmanie<\/li>\n<li>\u00a0Rozvoj pozornosti a s\u00fastredenia<\/li>\n<\/ol>\n<p><a href=\"https:\/\/babadlo.sk\/wp-content\/uploads\/2024\/11\/Vyznam-babkoveho-divadla-pre-deti-predskolskeho-veku.pdf\" target=\"_blank\" rel=\"noopener\" download=\"Vyznam-babkoveho-divadla-pre-deti-predskolskeho-veku.pdf\">Metodick\u00fd list &#8211; V\u00fdznam b\u00e1bkov\u00e9ho divadla pre deti pred\u0161kolsk\u00e9ho veku<\/a>[\/vc_column_text][\/vc_column][vc_column width=&#8220;1\/3&#8243; el_class=&#8220;light-blue-box custom-content-box list-content-box&#8220;][vc_column_text]<\/p>\n<h3 style=\"text-align: center;\">PONUKA PREDSTAVEN\u00cd NA<br \/>\n\u0160KOLSK\u00dd ROK 2025\/2026<\/h3>\n<p><a href=\"https:\/\/babadlo.sk\/puchov\/program\/repertoar\/horsa-zem-otvor-sa-vsade-na-vsetkych-oknach\/\">HOPSA, HORSA &#8211; zem otvor sa!<\/a><br \/>\n<span style=\"padding-left: 40px;\"><a href=\"https:\/\/babadlo.sk\/puchov\/wp-content\/uploads\/sites\/3\/2025\/10\/Metodicky-list-Hopsa.docx\" target=\"_blank\" rel=\"noopener\" download=\"Metodicky-list-Hopsa.docx\">Metodick\u00fd list \u2013 HOPSA, HORSA &#8211; zem otvor sa!<\/a><\/span><br \/>\n<!--\n<a href=\"https:\/\/babadlo.sk\/topolcany\/program\/repertoar\/kral-drozdia-brada\/\">Kr\u00e1\u013e Drozdia brada<\/a>\n<span style=\"padding-left: 40px;\"><a href=\"https:\/\/babadlo.sk\/topolcany\/wp-content\/uploads\/sites\/3\/2025\/02\/Metodicky-list-kral-drozdia-brada.pdf\" target=\"_blank\" rel=\"noopener\" download=\"Metodicky-list-kral-drozdia-brada.pdf\">Metodick\u00fd list - Kr\u00e1\u013e Drozdia brada<\/a><\/span>\n<a href=\"https:\/\/babadlo.sk\/topolcany\/program\/repertoar\/sen-jedneho-duba\/\">Sen jedn\u00e9ho duba<\/a>\n<span style=\"padding-left: 40px;\"><a href=\"https:\/\/babadlo.sk\/topolcany\/wp-content\/uploads\/sites\/3\/2025\/02\/Metodicky-list-sen-jedneho-duba.pdf\" target=\"_blank\" rel=\"noopener\" download=\"Metodicky-list-sen-jedneho-duba.pdf\">Metodick\u00fd list - Sen jedn\u00e9ho duba<\/a><\/span>\n<a href=\"https:\/\/babadlo.sk\/topolcany\/program\/repertoar\/statocny-cinovy-vojacik\/\">Stato\u010dn\u00fd c\u00ednov\u00fd voja\u010dik<\/a>\n<span style=\"padding-left: 40px;\"><a href=\"https:\/\/babadlo.sk\/topolcany\/wp-content\/uploads\/sites\/3\/2025\/02\/Metodicky-list-Vojacik.pdf\" target=\"_blank\" rel=\"noopener\" download=\"Metodicky-list-Vojacik.pdf\">Metodick\u00fd list - Stato\u010dn\u00fd c\u00ednov\u00fd...<\/a><\/span>\n<a href=\"https:\/\/babadlo.sk\/topolcany\/program\/repertoar\/palculienka-2\/\">Palculienka<\/a>\n<span style=\"padding-left: 40px;\"><a href=\"https:\/\/babadlo.sk\/topolcany\/wp-content\/uploads\/sites\/3\/2025\/02\/Metodicky-list-Palculienka.pdf\" target=\"_blank\" rel=\"noopener\" download=\"Metodicky-list-Palculienka.pdf\">Metodick\u00fd list - Palculienka<\/a><\/span>\n\n\n<h3><\/h3>\n\n\n&nbsp;\n\n\n<h3 style=\"text-align: center;\">Viano\u010dn\u00e1 ponuka<\/h3>\n\n\n<a href=\"https:\/\/babadlo.sk\/topolcany\/program\/repertoar\/vianoce-s-kulisiakom\/\" target=\"_blank\" rel=\"noopener\">Vianoce s Kuli\u0161iakom<\/a>\n<span style=\"padding-left: 40px;\"><a href=\"https:\/\/babadlo.sk\/topolcany\/wp-content\/uploads\/sites\/3\/2025\/02\/Metodicky-list-Kulisiak.pdf\" target=\"_blank\" rel=\"noopener\" download=\"Metodicky-list-Kulisiak.pdf\">Metodick\u00fd list - Vianoce s...<\/a><\/span>\n-->[\/vc_column_text][\/vc_column][\/vc_row][vc_row css=&#8220;.vc_custom_1731016603869{margin-top: 40px !important;}&#8220;][vc_column][\/vc_column][\/vc_row]<\/p>\n<\/div>","protected":false},"excerpt":{"rendered":"<p>[vc_row full_width=&#8220;stretch_row_content_no_spaces&#8220; css=&#8220;.vc_custom_1464881355805{margin-top: -30px !important;}&#8220;][vc_column][vc_single_image image=&#8220;6140&#8243; img_size=&#8220;full&#8220; alignment=&#8220;center&#8220; css=&#8220;.vc_custom_1738072605310{margin-top: 0px !important;margin-right: 0px !important;margin-bottom: -10px !important;margin-left: 0px !important;border-top-width: 0px !important;border-right-width: 0px !important;border-bottom-width: 0px !important;border-left-width: 0px !important;padding-top: 0px [&hellip;]<\/p>\n","protected":false},"author":1,"featured_media":6269,"parent":263,"menu_order":0,"comment_status":"closed","ping_status":"closed","template":"","meta":{"rs_blank_template":"","rs_page_bg_color":"","slide_template_v7":"","footnotes":""},"class_list":["post-6148","page","type-page","status-publish","has-post-thumbnail","hentry"],"_links":{"self":[{"href":"https:\/\/babadlo.sk\/puchov\/wp-json\/wp\/v2\/pages\/6148","targetHints":{"allow":["GET"]}}],"collection":[{"href":"https:\/\/babadlo.sk\/puchov\/wp-json\/wp\/v2\/pages"}],"about":[{"href":"https:\/\/babadlo.sk\/puchov\/wp-json\/wp\/v2\/types\/page"}],"author":[{"embeddable":true,"href":"https:\/\/babadlo.sk\/puchov\/wp-json\/wp\/v2\/users\/1"}],"replies":[{"embeddable":true,"href":"https:\/\/babadlo.sk\/puchov\/wp-json\/wp\/v2\/comments?post=6148"}],"version-history":[{"count":12,"href":"https:\/\/babadlo.sk\/puchov\/wp-json\/wp\/v2\/pages\/6148\/revisions"}],"predecessor-version":[{"id":6294,"href":"https:\/\/babadlo.sk\/puchov\/wp-json\/wp\/v2\/pages\/6148\/revisions\/6294"}],"up":[{"embeddable":true,"href":"https:\/\/babadlo.sk\/puchov\/wp-json\/wp\/v2\/pages\/263"}],"wp:featuredmedia":[{"embeddable":true,"href":"https:\/\/babadlo.sk\/puchov\/wp-json\/wp\/v2\/media\/6269"}],"wp:attachment":[{"href":"https:\/\/babadlo.sk\/puchov\/wp-json\/wp\/v2\/media?parent=6148"}],"curies":[{"name":"wp","href":"https:\/\/api.w.org\/{rel}","templated":true}]}}