{"id":6162,"date":"2025-02-07T16:53:58","date_gmt":"2025-02-07T15:53:58","guid":{"rendered":"https:\/\/babadlo.sk\/topolcany\/?page_id=6162"},"modified":"2025-10-13T19:45:56","modified_gmt":"2025-10-13T17:45:56","slug":"ponuka-pre-zakladne-skoly","status":"publish","type":"page","link":"https:\/\/babadlo.sk\/puchov\/pre-skoly\/ponuka-pre-zakladne-skoly\/","title":{"rendered":"Ponuka pre z\u00e1kladn\u00e9 \u0161koly"},"content":{"rendered":"<div class=\"wpb-content-wrapper\"><p>[vc_row full_width=&#8220;stretch_row_content_no_spaces&#8220; css=&#8220;.vc_custom_1464881355805{margin-top: -30px !important;}&#8220;][vc_column][vc_single_image image=&#8220;31&#8243; img_size=&#8220;full&#8220; alignment=&#8220;center&#8220; css=&#8220;.vc_custom_1464864383711{margin-top: 0px !important;margin-right: 0px !important;margin-bottom: -10px !important;margin-left: 0px !important;border-top-width: 0px !important;border-right-width: 0px !important;border-bottom-width: 0px !important;border-left-width: 0px !important;padding-top: 0px !important;padding-right: 0px !important;padding-bottom: 0px !important;padding-left: 0px !important;}&#8220;][\/vc_column][\/vc_row][vc_row][\/vc_row][vc_row][vc_column][vc_column_text]<img loading=\"lazy\" decoding=\"async\" class=\"aligncenter size-full wp-image-6760\" src=\"https:\/\/babadlo.sk\/wp-content\/uploads\/2024\/11\/Untitled_Artwork-e1730845770982.png\" alt=\"\" width=\"141\" height=\"56\" \/>[\/vc_column_text][\/vc_column][\/vc_row][vc_row][vc_column width=&#8220;2\/3&#8243; el_class=&#8220;green-box custom-content-box left-content-box&#8220;][vc_column_text]<\/p>\n<h1 style=\"text-align: center;\"><span style=\"color: #008000;\">V\u00fdznam zaradenia n\u00e1v\u0161tevy divadla pre \u017eiakov Z\u0160<\/span><\/h1>\n<h2 style=\"text-align: center;\">a vplyv dramatick\u00e9ho \u017eiv\u00e9ho umenia v technologickom svete pre deti vo veku 8\u201314 rokov<\/h2>\n<p>V technologickom svete, kde deti \u010doraz viac \u010dasu tr\u00e1via vo virtu\u00e1lnom priestore, m\u00e1 divadlo nenahradite\u013en\u00fa \u00falohu. Poskytuje \u017eiv\u00fd, emocion\u00e1lny a spolo\u010densk\u00fd z\u00e1\u017eitok, ktor\u00fd podporuje ich osobnostn\u00fd, emocion\u00e1lny a intelektu\u00e1lny rast.<br \/>\nN\u00e1v\u0161teva divadeln\u00fdch predstaven\u00ed je preto nevyhnutnou s\u00fa\u010das\u0165ou komplexn\u00e9ho vzdel\u00e1vania a v\u00fdchovy det\u00ed vo veku 8\u201314 rokov, preto\u017ee im pon\u00faka mo\u017enosti, ktor\u00e9 technol\u00f3gie nem\u00f4\u017eu plne nahradi\u0165.<\/p>\n<ol>\n<li><strong>Rozvoj emocion\u00e1lnej inteligencie<\/strong><\/li>\n<li><strong>Podpora rozvoja kreativity<\/strong><\/li>\n<li><strong>Budovanie kult\u00farneho a estetick\u00e9ho vn\u00edmania<\/strong><\/li>\n<li><strong>Prepojenie s u\u010debn\u00fdm procesom<\/strong><\/li>\n<li><strong>Posil\u0148ovanie soci\u00e1lnych zru\u010dnost\u00ed<\/strong><\/li>\n<li><strong>\u00danik z technologick\u00e9ho sveta<\/strong><\/li>\n<li><strong>Vplyv na hodnotov\u00fd syst\u00e9m<\/strong><\/li>\n<li><strong>Rozvoj kritick\u00e9ho myslenia<\/strong><\/li>\n<li><strong>Podpora osobnostn\u00e9ho rozvoja<\/strong><\/li>\n<\/ol>\n<p><a href=\"https:\/\/babadlo.sk\/wp-content\/uploads\/2024\/11\/Metodicky-list-vyznam-divadla-pre-ZS.pdf\" target=\"_blank\" rel=\"noopener\" download=\"Metodicky-list-Vyznam-divadla-pre-ZS.pdf\">Metodick\u00fd list- v\u00fdznam divadla pre z\u00e1kladn\u00e9 \u0161koly<\/a>[\/vc_column_text][\/vc_column][vc_column width=&#8220;1\/3&#8243; el_class=&#8220;light-blue-box custom-content-box list-content-box&#8220;][vc_column_text]<\/p>\n<h1>Ponuka predstaven\u00ed na \u0161kolsk\u00fd rok 2025\/2026<\/h1>\n<h2>I. stupe\u0148<\/h2>\n<p><a href=\"https:\/\/babadlo.sk\/puchov\/program\/repertoar\/horsa-zem-otvor-sa-vsade-na-vsetkych-oknach\/\">HOPSA, HORSA &#8211; zem otvor sa!<\/a><br \/>\n<span style=\"padding-left: 40px;\"><a href=\"https:\/\/babadlo.sk\/puchov\/wp-content\/uploads\/sites\/3\/2025\/10\/Metodicky-list-Hopsa.docx\" target=\"_blank\" rel=\"noopener\" download=\"Metodicky-list-Hopsa.docx\">Metodick\u00fd list \u2013 HOPSA, HORSA &#8211; zem otvor sa!<\/a><\/span><br \/>\n<!--\n<a href=\"https:\/\/babadlo.sk\/topolcany\/program\/repertoar\/kral-drozdia-brada\/\">Kr\u00e1\u013e Drozdia brada<\/a>\n<span style=\"padding-left: 40px;\"><a href=\"https:\/\/babadlo.sk\/topolcany\/wp-content\/uploads\/sites\/3\/2025\/02\/Metodicky-list-kral-drozdia-brada.pdf\" target=\"_blank\" rel=\"noopener\" download=\"Metodicky-list-kral-drozdia-brada.pdf\">Metodick\u00fd list - Kr\u00e1\u013e Drozdia brada<\/a><\/span>\n<a href=\"https:\/\/babadlo.sk\/topolcany\/program\/repertoar\/sen-jedneho-duba\/\">Sen jedn\u00e9ho duba<\/a>\n<span style=\"padding-left: 40px;\"><a href=\"https:\/\/babadlo.sk\/topolcany\/wp-content\/uploads\/sites\/3\/2025\/02\/Metodicky-list-sen-jedneho-duba.pdf\" target=\"_blank\" rel=\"noopener\" download=\"Metodicky-list-sen-jedneho-duba.pdf\">Metodick\u00fd list - Sen jedn\u00e9ho duba<\/a><\/span>\n<a href=\"https:\/\/babadlo.sk\/topolcany\/program\/repertoar\/statocny-cinovy-vojacik\/\">Stato\u010dn\u00fd c\u00ednov\u00fd voja\u010dik<\/a>\n<span style=\"padding-left: 40px;\"><a href=\"https:\/\/babadlo.sk\/topolcany\/wp-content\/uploads\/sites\/3\/2025\/02\/Metodicky-list-Vojacik.pdf\" target=\"_blank\" rel=\"noopener\" download=\"Metodicky-list-Vojacik.pdf\">Metodick\u00fd list - Stato\u010dn\u00fd c\u00ednov\u00fd...<\/a><\/span>\n<a href=\"https:\/\/babadlo.sk\/topolcany\/program\/repertoar\/palculienka-2\/\">Palculienka<\/a>\n<span style=\"padding-left: 40px;\"><a href=\"https:\/\/babadlo.sk\/topolcany\/wp-content\/uploads\/sites\/3\/2025\/02\/Metodicky-list-Palculienka.pdf\" target=\"_blank\" rel=\"noopener\" download=\"Metodicky-list-Palculienka.pdf\">Metodick\u00fd list - Palculienka<\/a><\/span>\n\n\n<h3><\/h3>\n\n\n&nbsp;\n\n\n<h3 style=\"text-align: center;\">Viano\u010dn\u00e1 ponuka<\/h3>\n\n\n<a href=\"https:\/\/babadlo.sk\/topolcany\/program\/repertoar\/vianoce-s-kulisiakom\/\" target=\"_blank\" rel=\"noopener\">Vianoce s Kuli\u0161iakom<\/a>\n<span style=\"padding-left: 40px;\"><a href=\"https:\/\/babadlo.sk\/topolcany\/wp-content\/uploads\/sites\/3\/2025\/02\/Metodicky-list-Kulisiak.pdf\" target=\"_blank\" rel=\"noopener\" download=\"Metodicky-list-Kulisiak.pdf\">Metodick\u00fd list - Vianoce s...<\/a><\/span>\n-->[\/vc_column_text][\/vc_column][\/vc_row]<\/p>\n<\/div>","protected":false},"excerpt":{"rendered":"<p>[vc_row full_width=&#8220;stretch_row_content_no_spaces&#8220; css=&#8220;.vc_custom_1464881355805{margin-top: -30px !important;}&#8220;][vc_column][vc_single_image image=&#8220;31&#8243; img_size=&#8220;full&#8220; alignment=&#8220;center&#8220; css=&#8220;.vc_custom_1464864383711{margin-top: 0px !important;margin-right: 0px !important;margin-bottom: -10px !important;margin-left: 0px !important;border-top-width: 0px !important;border-right-width: 0px !important;border-bottom-width: 0px !important;border-left-width: 0px !important;padding-top: 0px [&hellip;]<\/p>\n","protected":false},"author":1,"featured_media":6264,"parent":263,"menu_order":0,"comment_status":"closed","ping_status":"closed","template":"","meta":{"rs_blank_template":"","rs_page_bg_color":"","slide_template_v7":"","footnotes":""},"class_list":["post-6162","page","type-page","status-publish","has-post-thumbnail","hentry"],"_links":{"self":[{"href":"https:\/\/babadlo.sk\/puchov\/wp-json\/wp\/v2\/pages\/6162","targetHints":{"allow":["GET"]}}],"collection":[{"href":"https:\/\/babadlo.sk\/puchov\/wp-json\/wp\/v2\/pages"}],"about":[{"href":"https:\/\/babadlo.sk\/puchov\/wp-json\/wp\/v2\/types\/page"}],"author":[{"embeddable":true,"href":"https:\/\/babadlo.sk\/puchov\/wp-json\/wp\/v2\/users\/1"}],"replies":[{"embeddable":true,"href":"https:\/\/babadlo.sk\/puchov\/wp-json\/wp\/v2\/comments?post=6162"}],"version-history":[{"count":10,"href":"https:\/\/babadlo.sk\/puchov\/wp-json\/wp\/v2\/pages\/6162\/revisions"}],"predecessor-version":[{"id":6295,"href":"https:\/\/babadlo.sk\/puchov\/wp-json\/wp\/v2\/pages\/6162\/revisions\/6295"}],"up":[{"embeddable":true,"href":"https:\/\/babadlo.sk\/puchov\/wp-json\/wp\/v2\/pages\/263"}],"wp:featuredmedia":[{"embeddable":true,"href":"https:\/\/babadlo.sk\/puchov\/wp-json\/wp\/v2\/media\/6264"}],"wp:attachment":[{"href":"https:\/\/babadlo.sk\/puchov\/wp-json\/wp\/v2\/media?parent=6162"}],"curies":[{"name":"wp","href":"https:\/\/api.w.org\/{rel}","templated":true}]}}