{"id":688,"date":"2016-09-04T19:34:20","date_gmt":"2016-09-04T17:34:20","guid":{"rendered":"http:\/\/babadlo.sk\/?page_id=688"},"modified":"2025-10-13T19:44:51","modified_gmt":"2025-10-13T17:44:51","slug":"repertoar","status":"publish","type":"page","link":"https:\/\/babadlo.sk\/puchov\/program\/repertoar\/","title":{"rendered":"REPERTO\u00c1R"},"content":{"rendered":"<div class=\"wpb-content-wrapper\"><p>[vc_row full_width=&#8220;stretch_row_content_no_spaces&#8220; css=&#8220;.vc_custom_1464881355805{margin-top: -30px !important;}&#8220;][vc_column][vc_single_image image=&#8220;5839&#8243; img_size=&#8220;full&#8220; alignment=&#8220;center&#8220; css=&#8220;.vc_custom_1726050729347{margin-top: 0px !important;margin-right: 0px !important;margin-bottom: -10px !important;margin-left: 0px !important;border-top-width: 0px !important;border-right-width: 0px !important;border-bottom-width: 0px !important;border-left-width: 0px !important;padding-top: 0px !important;padding-right: 0px !important;padding-bottom: 0px !important;padding-left: 0px !important;}&#8220;][\/vc_column][\/vc_row][vc_row][vc_column][vc_column_text]<\/p>\n<h3 style=\"text-align: center;\">PRE NAJMEN\u0160\u00cdCH (OD 3 ROKOV)<\/h3>\n<p><img loading=\"lazy\" decoding=\"async\" class=\"wp-image-1432 size-full aligncenter\" src=\"http:\/\/babadlo.sk\/wp-content\/uploads\/2016\/06\/predel_maly_zeleny.png\" width=\"85\" height=\"35\" \/>[\/vc_column_text][\/vc_column][\/vc_row][vc_row][vc_column width=&#8220;1\/3&#8243;][\/vc_column][vc_column width=&#8220;1\/3&#8243;]<div tabindex=\"0\" class=\"ult-new-ib ult-ib-effect-style1  ult-ib-resp  \" data-min-width=\"768\" data-max-width=\"900\" style=\"background:#042d18;\" data-opacity=\"1\" data-hover-opacity=\"0.2\" ><img decoding=\"async\" class=\"ult-new-ib-img\" style=\"opacity:1;\" alt=\"null\" src=\"https:\/\/babadlo.sk\/puchov\/wp-content\/uploads\/sites\/3\/2024\/12\/IMG_2169-scaled.jpg\"   \/><div id=\"interactive-banner-wrap-1146\" class=\"ult-new-ib-desc\" style=\"\"><h2 class=\"ult-new-ib-title ult-responsive\"  data-ultimate-target='#interactive-banner-wrap-1146 .ult-new-ib-title'  data-responsive-json-new='{\"font-size\":\"desktop:18px;\",\"line-height\":\"\"}'  style=\"font-weight:bold;\">HOPSA, HORSA - zem otvor sa!<\/h2><div class=\"ult-new-ib-content ult-responsive\"  data-ultimate-target='#interactive-banner-wrap-1146 .ult-new-ib-content'  data-responsive-json-new='{\"font-size\":\"\",\"line-height\":\"\"}'  style=\"font-weight:normal;\"><p>Je mo\u017en\u00e9 zv\u00ed\u0165azi\u0165 nad zbojn\u00edkmi ? Je rozum a \u0161ikovnos\u0165 viac ako sila ? To v\u00e1m prezrad\u00ed zn\u00e1my pr\u00edbeh v netradi\u010dnom spracovan\u00ed na slovensk\u00fd sp\u00f4sob.<\/p><\/div><\/div><a class=\"ult-new-ib-link\" href=\"https:\/\/babadlo.sk\/puchov\/program\/repertoar\/horsa-zem-otvor-sa-vsade-na-vsetkych-oknach\/\" title=\"HORSA - zem otvor sa ! - v\u0161ade , na v\u0161etk\u00fdch okn\u00e1ch\"  ><\/a><\/div>[\/vc_column][vc_column width=&#8220;1\/3&#8243;][\/vc_column][\/vc_row][vc_row][vc_column width=&#8220;1\/3&#8243;][\/vc_column][vc_column width=&#8220;1\/3&#8243;][\/vc_column][vc_column width=&#8220;1\/3&#8243;][\/vc_column][\/vc_row][vc_row][vc_column width=&#8220;1\/3&#8243;][\/vc_column][vc_column width=&#8220;1\/3&#8243;][\/vc_column][vc_column width=&#8220;1\/3&#8243;][\/vc_column][\/vc_row][vc_row disable_element=&#8220;yes&#8220;][vc_column width=&#8220;1\/6&#8243;]<div tabindex=\"0\" class=\"ult-new-ib ult-ib-effect-style1  ult-ib-resp  \" data-min-width=\"768\" data-max-width=\"900\" style=\"background:#042d18;\" data-opacity=\"1\" data-hover-opacity=\"0.2\" ><img decoding=\"async\" class=\"ult-new-ib-img\" style=\"opacity:1;\" alt=\"null\" src=\"https:\/\/babadlo.sk\/puchov\/wp-content\/uploads\/sites\/3\/2024\/12\/IMG_2166-scaled.jpg\"   \/><div id=\"interactive-banner-wrap-3566\" class=\"ult-new-ib-desc\" style=\"\"><h2 class=\"ult-new-ib-title ult-responsive\"  data-ultimate-target='#interactive-banner-wrap-3566 .ult-new-ib-title'  data-responsive-json-new='{\"font-size\":\"desktop:18px;\",\"line-height\":\"\"}'  style=\"font-weight:bold;\">KR\u00c1\u013d DROZDIA BRADA<\/h2><div class=\"ult-new-ib-content ult-responsive\"  data-ultimate-target='#interactive-banner-wrap-3566 .ult-new-ib-content'  data-responsive-json-new='{\"font-size\":\"\",\"line-height\":\"\"}'  style=\"font-weight:normal;\"><p>Kde bolo, tam bolo, bol raz jeden kr\u00e1\u013e a ten mal dc\u00e9ru, teda princezn\u00fa. B\u00fdvali spolu vo ve\u013ekom z\u00e1mku. Zo z\u00e1mockej ve\u017ee bol v\u00fdh\u013ead na velik\u00e1nske hory, za nimi sa rozprestierali \u0161\u00edre polia a stra\u0161ne...<\/p><\/div><\/div><a class=\"ult-new-ib-link\" href=\"https:\/\/babadlo.sk\/topolcany\/program\/repertoar\/kral-drozdia-brada\/\" title=\"Kr\u00e1\u013e Drozdia brada\"  ><\/a><\/div>[\/vc_column][vc_column width=&#8220;1\/3&#8243;]<div tabindex=\"0\" class=\"ult-new-ib ult-ib-effect-style1  ult-ib-resp  \" data-min-width=\"768\" data-max-width=\"900\" style=\"background:#042d18;\" data-opacity=\"1\" data-hover-opacity=\"0.2\" ><img decoding=\"async\" class=\"ult-new-ib-img\" style=\"opacity:1;\" alt=\"null\" src=\"https:\/\/babadlo.sk\/puchov\/wp-content\/uploads\/sites\/3\/2024\/12\/IMG_2174-scaled.jpg\"   \/><div id=\"interactive-banner-wrap-1980\" class=\"ult-new-ib-desc\" style=\"\"><h2 class=\"ult-new-ib-title ult-responsive\"  data-ultimate-target='#interactive-banner-wrap-1980 .ult-new-ib-title'  data-responsive-json-new='{\"font-size\":\"desktop:18px;\",\"line-height\":\"\"}'  style=\"font-weight:bold;\">VIANOCE S KULI\u0160IAKOM<\/h2><div class=\"ult-new-ib-content ult-responsive\"  data-ultimate-target='#interactive-banner-wrap-1980 .ult-new-ib-content'  data-responsive-json-new='{\"font-size\":\"\",\"line-height\":\"\"}'  style=\"font-weight:normal;\"><p>\u010co sa to deje ? Kto to klope na dvere? My\u0161ka Eli\u0161ka s vt\u00e1\u010dikom Jarab\u00e1\u010dikom spolu \u017eij\u00fa v chal\u00fapke a prich\u00e1dza k nim hos\u0165 \u2026\u00daplne premrznut\u00e1 \u00faden\u00e1 klob\u00e1ska...<\/p><\/div><\/div><a class=\"ult-new-ib-link\" href=\"https:\/\/babadlo.sk\/topolcany\/program\/repertoar\/vianoce-s-kulisiakom\/\" title=\"Vianoce s Kuli\u0161iakom\"  ><\/a><\/div>[\/vc_column][vc_column width=&#8220;1\/3&#8243;]<div tabindex=\"0\" class=\"ult-new-ib ult-ib-effect-style1  ult-ib-resp  \" data-min-width=\"768\" data-max-width=\"900\" style=\"background:#042d18;\" data-opacity=\"1\" data-hover-opacity=\"0.2\" ><img decoding=\"async\" class=\"ult-new-ib-img\" style=\"opacity:1;\" alt=\"null\" src=\"https:\/\/babadlo.sk\/puchov\/wp-content\/uploads\/sites\/3\/2025\/02\/V-ramceku-do-repertoara-scaled.jpg\"   \/><div id=\"interactive-banner-wrap-9495\" class=\"ult-new-ib-desc\" style=\"\"><h2 class=\"ult-new-ib-title ult-responsive\"  data-ultimate-target='#interactive-banner-wrap-9495 .ult-new-ib-title'  data-responsive-json-new='{\"font-size\":\"desktop:18px;\",\"line-height\":\"\"}'  style=\"font-weight:bold;\">STATO\u010cN\u00dd C\u00cdNOV\u00dd VOJA\u010cIK<\/h2><div class=\"ult-new-ib-content ult-responsive\"  data-ultimate-target='#interactive-banner-wrap-9495 .ult-new-ib-content'  data-responsive-json-new='{\"font-size\":\"\",\"line-height\":\"\"}'  style=\"font-weight:normal;\"><p>Nesmrte\u013en\u00fd pr\u00edbeh l\u00e1sky kr\u00e1snej tane\u010dnice a stato\u010dn\u00e9ho vojaka s jednou nohou v spracovan\u00ed aj pre najmen\u0161\u00edch div\u00e1kov...<\/p><\/div><\/div><a class=\"ult-new-ib-link\" href=\"https:\/\/babadlo.sk\/topolcany\/program\/repertoar\/statocny-cinovy-vojacik\/\" title=\"Stato\u010dn\u00fd c\u00ednov\u00fd voja\u010dik\"  ><\/a><\/div><div tabindex=\"0\" class=\"ult-new-ib ult-ib-effect-style1  ult-ib-resp  \" data-min-width=\"768\" data-max-width=\"900\" style=\"background:#042d18;\" data-opacity=\"1\" data-hover-opacity=\"0.2\" ><img decoding=\"async\" class=\"ult-new-ib-img\" style=\"opacity:1;\" alt=\"null\" src=\"https:\/\/babadlo.sk\/puchov\/wp-content\/uploads\/sites\/3\/2024\/12\/IMG_2167-scaled.jpg\"   \/><div id=\"interactive-banner-wrap-4643\" class=\"ult-new-ib-desc\" style=\"\"><h2 class=\"ult-new-ib-title ult-responsive\"  data-ultimate-target='#interactive-banner-wrap-4643 .ult-new-ib-title'  data-responsive-json-new='{\"font-size\":\"desktop:18px;\",\"line-height\":\"\"}'  style=\"font-weight:bold;\">PALCULIENKA<\/h2><div class=\"ult-new-ib-content ult-responsive\"  data-ultimate-target='#interactive-banner-wrap-4643 .ult-new-ib-content'  data-responsive-json-new='{\"font-size\":\"\",\"line-height\":\"\"}'  style=\"font-weight:normal;\"><p>\u010co sa udeje, ke\u010f pani kraj\u010d\u00edrka Filom\u00e9na od\u00edde od svojho \u0161ijacieho stroja? Mal\u00e1 nedo\u0161it\u00e1 b\u00e1bika o\u017e\u00edva a objavuje \u010darovn\u00fd svet nitiek, gomb\u00edkov a kor\u00e1lok...<\/p><\/div><\/div><a class=\"ult-new-ib-link\" href=\"https:\/\/babadlo.sk\/topolcany\/program\/repertoar\/palculienka-2\/\" title=\"Palculienka\"  ><\/a><\/div>[\/vc_column][vc_column width=&#8220;1\/6&#8243;]<div tabindex=\"0\" class=\"ult-new-ib ult-ib-effect-style1  ult-ib-resp  \" data-min-width=\"768\" data-max-width=\"900\" style=\"background:#042d18;\" data-opacity=\"1\" data-hover-opacity=\"0.2\" ><img decoding=\"async\" class=\"ult-new-ib-img\" style=\"opacity:1;\" alt=\"null\" src=\"https:\/\/babadlo.sk\/puchov\/wp-content\/uploads\/sites\/3\/2024\/12\/IMG_2173-scaled.jpg\"   \/><div id=\"interactive-banner-wrap-2790\" class=\"ult-new-ib-desc\" style=\"\"><h2 class=\"ult-new-ib-title ult-responsive\"  data-ultimate-target='#interactive-banner-wrap-2790 .ult-new-ib-title'  data-responsive-json-new='{\"font-size\":\"desktop:18px;\",\"line-height\":\"\"}'  style=\"font-weight:bold;\">SEN JEDN\u00c9HO DUBA<\/h2><div class=\"ult-new-ib-content ult-responsive\"  data-ultimate-target='#interactive-banner-wrap-2790 .ult-new-ib-content'  data-responsive-json-new='{\"font-size\":\"\",\"line-height\":\"\"}'  style=\"font-weight:normal;\"><p>Rozpoviem V\u00e1m pr\u00edbeh o dube, o mu\u0161ke, \u010do podenka sa vol\u00e1, bude o n\u00e1s a o V\u00e1s\u2026 Bude, \u010di nebude?\u2026<br \/>\n<\/p><\/div><\/div><a class=\"ult-new-ib-link\" href=\"https:\/\/babadlo.sk\/topolcany\/program\/repertoar\/sen-jedneho-duba\/\" title=\"Sen jedn\u00e9ho duba\"  ><\/a><\/div>[\/vc_column][\/vc_row][vc_row][vc_column][vc_raw_js]JTNDc2NyaXB0JTIwdHlwZSUzRCUyMnRleHQlMkZqYXZhc2NyaXB0JTIyJTNFdmFyJTIwYm9keSUyMCUzRCUyMGRvY3VtZW50LmdldEVsZW1lbnRzQnlUYWdOYW1lJTI4JTI3Ym9keSUyNyUyOSU1QjAlNUQlM0IlMEFib2R5LnN0eWxlLmJhY2tncm91bmRJbWFnZSUyMCUzRCUyMCUyN3VybCUyOGh0dHBzJTNBJTJGJTJGYmFiYWRsby5zayUyRnRvcG9sY2FueSUyRndwLWNvbnRlbnQlMkZ1cGxvYWRzJTJGc2l0ZXMlMkYzJTJGMjAyNCUyRjAxJTJGYmctZ3JlZW4tdmFyaWFudDMtMTUweDE1MC5qcGclMjklMjclM0IlMEElMjJ1cmwlMjhodHRwcyUzQSUyRiUyRmJhYmFkbG8uc2slMkZ0b3BvbGNhbnklMkZ3cC1jb250ZW50JTJGdXBsb2FkcyUyRnNpdGVzJTJGMyUyRjIwMjQlMkYwMSUyRmJnLWdyZWVuLXZhcmlhbnQzLTE1MHgxNTAuanBnJTI5JTIyJTNDJTJGc2NyaXB0JTNF[\/vc_raw_js][\/vc_column][\/vc_row][vc_row][vc_column][vc_raw_js]JTNDc2NyaXB0JTIwdHlwZSUzRCUyMnRleHQlMkZqYXZhc2NyaXB0JTIyJTNFdmFyJTIwYm9keSUyMCUzRCUyMGRvY3VtZW50LmdldEVsZW1lbnRzQnlUYWdOYW1lJTI4JTI3Ym9keSUyNyUyOSU1QjAlNUQlM0IlMEFib2R5LnN0eWxlLmJhY2tncm91bmRJbWFnZSUyMCUzRCUyMCUyN3VybCUyOGh0dHBzJTNBJTJGJTJGYmFiYWRsby5zayUyRndwLWNvbnRlbnQlMkZ1cGxvYWRzJTJGMjAxNiUyRjAyJTJGaG9tZV90ZWFfcGF0dGVybi5qcGclMjklMjclM0IlMEElMjJ1cmwlMjhodHRwJTNBJTJGJTJGYmFiYWRsby5zayUyRndwLWNvbnRlbnQlMkZ1cGxvYWRzJTJGMjAxNiUyRjExJTJGaG9tZV9tb2RyYS5qcGclMjklMjIlM0MlMkZzY3JpcHQlM0U=[\/vc_raw_js][\/vc_column][\/vc_row]<\/p>\n<\/div>","protected":false},"excerpt":{"rendered":"<p>[vc_row full_width=&#8220;stretch_row_content_no_spaces&#8220; css=&#8220;.vc_custom_1464881355805{margin-top: -30px !important;}&#8220;][vc_column][vc_single_image image=&#8220;5839&#8243; img_size=&#8220;full&#8220; alignment=&#8220;center&#8220; css=&#8220;.vc_custom_1726050729347{margin-top: 0px !important;margin-right: 0px !important;margin-bottom: -10px !important;margin-left: 0px !important;border-top-width: 0px !important;border-right-width: 0px !important;border-bottom-width: 0px !important;border-left-width: 0px !important;padding-top: 0px [&hellip;]<\/p>\n","protected":false},"author":7,"featured_media":5764,"parent":4032,"menu_order":0,"comment_status":"closed","ping_status":"closed","template":"","meta":{"rs_blank_template":"","rs_page_bg_color":"","slide_template_v7":"","footnotes":""},"class_list":["post-688","page","type-page","status-publish","has-post-thumbnail","hentry"],"_links":{"self":[{"href":"https:\/\/babadlo.sk\/puchov\/wp-json\/wp\/v2\/pages\/688","targetHints":{"allow":["GET"]}}],"collection":[{"href":"https:\/\/babadlo.sk\/puchov\/wp-json\/wp\/v2\/pages"}],"about":[{"href":"https:\/\/babadlo.sk\/puchov\/wp-json\/wp\/v2\/types\/page"}],"author":[{"embeddable":true,"href":"https:\/\/babadlo.sk\/puchov\/wp-json\/wp\/v2\/users\/7"}],"replies":[{"embeddable":true,"href":"https:\/\/babadlo.sk\/puchov\/wp-json\/wp\/v2\/comments?post=688"}],"version-history":[{"count":19,"href":"https:\/\/babadlo.sk\/puchov\/wp-json\/wp\/v2\/pages\/688\/revisions"}],"predecessor-version":[{"id":6290,"href":"https:\/\/babadlo.sk\/puchov\/wp-json\/wp\/v2\/pages\/688\/revisions\/6290"}],"up":[{"embeddable":true,"href":"https:\/\/babadlo.sk\/puchov\/wp-json\/wp\/v2\/pages\/4032"}],"wp:featuredmedia":[{"embeddable":true,"href":"https:\/\/babadlo.sk\/puchov\/wp-json\/wp\/v2\/media\/5764"}],"wp:attachment":[{"href":"https:\/\/babadlo.sk\/puchov\/wp-json\/wp\/v2\/media?parent=688"}],"curies":[{"name":"wp","href":"https:\/\/api.w.org\/{rel}","templated":true}]}}