{"id":89,"date":"2016-02-11T08:50:15","date_gmt":"2016-02-11T08:50:15","guid":{"rendered":"http:\/\/themes.muffingroup.com\/be\/tea\/?page_id=2"},"modified":"2025-10-13T19:44:38","modified_gmt":"2025-10-13T17:44:38","slug":"home","status":"publish","type":"page","link":"https:\/\/babadlo.sk\/puchov\/home\/","title":{"rendered":"DOMOV"},"content":{"rendered":"<div class=\"wpb-content-wrapper\"><p>[vc_row full_width=&#8220;stretch_row_content_no_spaces&#8220;][vc_column][vc_single_image image=&#8220;5839&#8243; img_size=&#8220;full&#8220; alignment=&#8220;center&#8220; css=&#8220;.vc_custom_1706916793636{margin-top: 0px !important;margin-right: 0px !important;margin-bottom: -10px !important;margin-left: 0px !important;border-top-width: 0px !important;border-right-width: 0px !important;border-bottom-width: 0px !important;border-left-width: 0px !important;padding-top: 0px !important;padding-right: 0px !important;padding-bottom: 0px !important;padding-left: 0px !important;}&#8220;][\/vc_column][\/vc_row][vc_row][vc_column width=&#8220;1\/4&#8243;][vc_row_inner disable_element=&#8220;yes&#8220;][vc_column_inner width=&#8220;1\/4&#8243;][\/vc_column_inner][vc_column_inner width=&#8220;1\/2&#8243;][vc_column_text]<\/p>\n<h4 style=\"text-align: center;\"><strong>v septembri:<\/strong><\/h4>\n<h3 style=\"text-align: center;\"><a href=\"https:\/\/babadlo.sk\/topolcany\/program\/repertoar\/kral-drozdia-brada\/\">Kr\u00e1\u013e drozdia brada<\/a><\/h3>\n<p>&nbsp;<\/p>\n<h4 style=\"text-align: center;\">21.9. &#8211; sobota o 16:00<\/h4>\n<h4 style=\"text-align: center;\">Ka\u0161tie\u013e Moravany\u00a0 nad V\u00e1hom<\/h4>\n<p>[\/vc_column_text][\/vc_column_inner][vc_column_inner width=&#8220;1\/4&#8243;][\/vc_column_inner][\/vc_row_inner][vc_row_inner disable_element=&#8220;yes&#8220;][vc_column_inner width=&#8220;1\/2&#8243;][vc_column_text]<\/p>\n<h4 style=\"text-align: center;\"><strong>v janu\u00e1ri<\/strong><\/h4>\n<h4 style=\"text-align: center;\">19.1.2025 &#8211; nede\u013ea o 16:00<\/h4>\n<h4 style=\"text-align: center;\">B\u00e1bkov\u00e1 s\u00e1la DK \u0160a\u013ea<\/h4>\n<p>[\/vc_column_text]<div tabindex=\"0\" class=\"ult-new-ib ult-ib-effect-style1  ult-ib-resp  \" data-min-width=\"768\" data-max-width=\"900\" style=\"\" data-opacity=\"1\" data-hover-opacity=\"0.7\" ><img decoding=\"async\" class=\"ult-new-ib-img\" style=\"opacity:1;\" alt=\"null\" src=\"https:\/\/babadlo.sk\/puchov\/wp-content\/uploads\/sites\/3\/2024\/01\/Vojacik.jpg\"   \/><div id=\"interactive-banner-wrap-8913\" class=\"ult-new-ib-desc\" style=\"\"><h3 class=\"ult-new-ib-title ult-responsive\"  data-ultimate-target='#interactive-banner-wrap-8913 .ult-new-ib-title'  data-responsive-json-new='{\"font-size\":\"desktop:22px;\",\"line-height\":\"\"}'  style=\"font-weight:bold;\">STATO\u010cN\u00dd C\u00cdNOV\u00dd VOJA\u010cIK<\/h3><div class=\"ult-new-ib-content ult-responsive\"  data-ultimate-target='#interactive-banner-wrap-8913 .ult-new-ib-content'  data-responsive-json-new='{\"font-size\":\"\",\"line-height\":\"\"}'  style=\"font-weight:normal;\"><p>Nesmrte\u013en\u00fd pr\u00edbeh l\u00e1sky kr\u00e1snej tane\u010dnice a stato\u010dn\u00e9ho vojaka s jednou nohou v spracovan\u00ed aj pre najmen\u0161\u00edch div\u00e1kov...<\/p><\/div><\/div><a class=\"ult-new-ib-link\" href=\"https:\/\/babadlo.sk\/topolcany\/program\/repertoar\/statocny-cinovy-vojacik\/\" title=\"Stato\u010dn\u00fd c\u00ednov\u00fd voja\u010dik\"  ><\/a><\/div>[\/vc_column_inner][vc_column_inner width=&#8220;1\/2&#8243;][vc_column_text]<\/p>\n<h4 style=\"text-align: center;\"><strong>vo febru\u00e1ri<\/strong><\/h4>\n<p>[\/vc_column_text][vc_empty_space height=&#8220;50px&#8220;]<div tabindex=\"0\" class=\"ult-new-ib ult-ib-effect-style1  ult-ib-resp  \" data-min-width=\"768\" data-max-width=\"900\" style=\"\" data-opacity=\"1\" data-hover-opacity=\"0.7\" ><img decoding=\"async\" class=\"ult-new-ib-img\" style=\"opacity:1;\" alt=\"null\" src=\"https:\/\/babadlo.sk\/puchov\/wp-content\/uploads\/sites\/3\/2024\/09\/sen_jedneho_duba.jpg\"   \/><div id=\"interactive-banner-wrap-2692\" class=\"ult-new-ib-desc\" style=\"\"><h3 class=\"ult-new-ib-title ult-responsive\"  data-ultimate-target='#interactive-banner-wrap-2692 .ult-new-ib-title'  data-responsive-json-new='{\"font-size\":\"desktop:22px;tablet:22px;tablet_portrait:22px;mobile_landscape:22px;mobile:22px;\",\"line-height\":\"\"}'  style=\"font-weight:bold;\">SEN JEDN\u00c9HO DUBA<\/h3><div class=\"ult-new-ib-content ult-responsive\"  data-ultimate-target='#interactive-banner-wrap-2692 .ult-new-ib-content'  data-responsive-json-new='{\"font-size\":\"\",\"line-height\":\"\"}'  style=\"font-weight:normal;\"><p>Rozpoviem V\u00e1m pr\u00edbeh o dube, o mu\u0161ke, \u010do podenka sa vol\u00e1, bude o n\u00e1s a o V\u00e1s\u2026 Bude, \u010di nebude?\u2026<br \/>\n<\/p><\/div><\/div><a class=\"ult-new-ib-link\" href=\"https:\/\/babadlo.sk\/topolcany\/program\/repertoar\/sen-jedneho-duba\/\" title=\"Sen jedn\u00e9ho duba\"  ><\/a><\/div>[\/vc_column_inner][\/vc_row_inner][vc_row_inner][vc_column_inner width=&#8220;1\/4&#8243;][\/vc_column_inner][vc_column_inner width=&#8220;1\/2&#8243; offset=&#8220;vc_hidden-lg vc_hidden-md vc_hidden-sm vc_hidden-xs&#8220;][vc_column_text]<\/p>\n<h4 style=\"text-align: center;\"><strong>v febru\u00e1ri<\/strong><\/h4>\n<p>[\/vc_column_text]<div tabindex=\"0\" class=\"ult-new-ib ult-ib-effect-style1  ult-ib-resp  \" data-min-width=\"768\" data-max-width=\"900\" style=\"\" data-opacity=\"1\" data-hover-opacity=\"0.7\" ><img decoding=\"async\" class=\"ult-new-ib-img\" style=\"opacity:1;\" alt=\"null\" src=\"https:\/\/babadlo.sk\/puchov\/wp-content\/uploads\/sites\/3\/2024\/09\/palculienka_repertoar.jpg\"   \/><div id=\"interactive-banner-wrap-3310\" class=\"ult-new-ib-desc\" style=\"\"><h3 class=\"ult-new-ib-title ult-responsive\"  data-ultimate-target='#interactive-banner-wrap-3310 .ult-new-ib-title'  data-responsive-json-new='{\"font-size\":\"desktop:22px;tablet:22px;tablet_portrait:22px;mobile_landscape:22px;mobile:22px;\",\"line-height\":\"\"}'  style=\"font-weight:bold;\">PALCULIENKA<\/h3><div class=\"ult-new-ib-content ult-responsive\"  data-ultimate-target='#interactive-banner-wrap-3310 .ult-new-ib-content'  data-responsive-json-new='{\"font-size\":\"\",\"line-height\":\"\"}'  style=\"font-weight:normal;\"><p>\u010co sa udeje, ke\u010f pani kraj\u010d\u00edrka Filom\u00e9na od\u00edde od svojho \u0161ijacieho stroja? Mal\u00e1 nedo\u0161it\u00e1 b\u00e1bika o\u017e\u00edva a objavuje \u010darovn\u00fd svet nitiek, gomb\u00edkov a kor\u00e1lok...<\/p><\/div><\/div><a class=\"ult-new-ib-link\" href=\"https:\/\/babadlo.sk\/topolcany\/program\/repertoar\/palculienka-2\/\" title=\"Palculienka\"  ><\/a><\/div>[\/vc_column_inner][vc_column_inner width=&#8220;1\/4&#8243;][\/vc_column_inner][\/vc_row_inner][\/vc_column][vc_column width=&#8220;1\/2&#8243;]<div tabindex=\"0\" class=\"ult-new-ib ult-ib-effect-style1  ult-ib-resp  \" data-min-width=\"768\" data-max-width=\"900\" style=\"\" data-opacity=\"1\" data-hover-opacity=\"0.7\" ><img decoding=\"async\" class=\"ult-new-ib-img\" style=\"opacity:1;\" alt=\"null\" src=\"https:\/\/babadlo.sk\/puchov\/wp-content\/uploads\/sites\/3\/2024\/12\/IMG_2169-scaled.jpg\"   \/><div id=\"interactive-banner-wrap-6742\" class=\"ult-new-ib-desc\" style=\"\"><h1 class=\"ult-new-ib-title ult-responsive\"  data-ultimate-target='#interactive-banner-wrap-6742 .ult-new-ib-title'  data-responsive-json-new='{\"font-size\":\"desktop:22px;tablet:22px;tablet_portrait:22px;mobile_landscape:22px;mobile:22px;\",\"line-height\":\"\"}'  style=\"font-weight:bold;\">HOPSA, HORSA - zem otvor sa !<\/h1><div class=\"ult-new-ib-content ult-responsive\"  data-ultimate-target='#interactive-banner-wrap-6742 .ult-new-ib-content'  data-responsive-json-new='{\"font-size\":\"\",\"line-height\":\"\"}'  style=\"font-weight:normal;\"><p>Divadeln\u00e1 adapt\u00e1cia slovenskej \u013eudovej rozpr\u00e1vky \u201cHopsa, horsa, zem otvor sa!\u201d Je mo\u017en\u00e9 zv\u00ed\u0165azi\u0165 nad zbojn\u00edkmi ? Je rozum a \u0161ikovnos\u0165 viac ako sila ? To v\u00e1m prezrad\u00ed tento zn\u00e1my pr\u00edbeh v...<\/p><\/div><\/div><a class=\"ult-new-ib-link\" href=\"https:\/\/babadlo.sk\/puchov\/program\/repertoar\/horsa-zem-otvor-sa-vsade-na-vsetkych-oknach\/\" title=\"HORSA \u2013 zem otvor sa ! \u2013 v\u0161ade , na v\u0161etk\u00fdch okn\u00e1ch\"  ><\/a><\/div>[vc_column_text]<\/p>\n<h3><\/h3>\n<h3 style=\"text-align: center;\">PRIPRAVUJEME:<\/h3>\n<h3 style=\"text-align: center;\"><img loading=\"lazy\" decoding=\"async\" class=\"aligncenter size-full wp-image-5842\" src=\"https:\/\/babadlo.sk\/topolcany\/wp-content\/uploads\/sites\/3\/2024\/02\/predel_maly_zeleny.png\" alt=\"\" width=\"85\" height=\"35\" srcset=\"https:\/\/babadlo.sk\/puchov\/wp-content\/uploads\/sites\/3\/2024\/02\/predel_maly_zeleny.png 85w, https:\/\/babadlo.sk\/puchov\/wp-content\/uploads\/sites\/3\/2024\/02\/predel_maly_zeleny-50x21.png 50w\" sizes=\"auto, (max-width: 85px) 100vw, 85px\" \/><\/h3>\n<p>[\/vc_column_text][\/vc_column][vc_column width=&#8220;1\/4&#8243;][\/vc_column][\/vc_row][vc_row][vc_column][vc_raw_js]JTNDc2NyaXB0JTIwdHlwZSUzRCUyMnRleHQlMkZqYXZhc2NyaXB0JTIyJTNFdmFyJTIwYm9keSUyMCUzRCUyMGRvY3VtZW50LmdldEVsZW1lbnRzQnlUYWdOYW1lJTI4JTI3Ym9keSUyNyUyOSU1QjAlNUQlM0IlMEFib2R5LnN0eWxlLmJhY2tncm91bmRJbWFnZSUyMCUzRCUyMCUyN3VybCUyOGh0dHBzJTNBJTJGJTJGYmFiYWRsby5zayUyRnRvcG9sY2FueSUyRndwLWNvbnRlbnQlMkZ1cGxvYWRzJTJGc2l0ZXMlMkYzJTJGMjAyNCUyRjAyJTJGYmctZ3JlZW4tdmFyaWFudC0xLmpwZyUyOSUyNyUzQiUwQSUyMnVybCUyOGh0dHBzJTNBJTJGJTJGYmFiYWRsby5zayUyRnRvcG9sY2FueSUyRndwLWNvbnRlbnQlMkZ1cGxvYWRzJTJGc2l0ZXMlMkYzJTJGMjAyNCUyRjAyJTJGYmctZ3JlZW4tdmFyaWFudC0xLmpwZyUyOSUyMiUzQyUyRnNjcmlwdCUzRQ==[\/vc_raw_js][\/vc_column][\/vc_row]<\/p>\n<\/div>","protected":false},"excerpt":{"rendered":"<p>[vc_row full_width=&#8220;stretch_row_content_no_spaces&#8220;][vc_column][vc_single_image image=&#8220;5839&#8243; img_size=&#8220;full&#8220; alignment=&#8220;center&#8220; css=&#8220;.vc_custom_1706916793636{margin-top: 0px !important;margin-right: 0px !important;margin-bottom: -10px !important;margin-left: 0px !important;border-top-width: 0px !important;border-right-width: 0px !important;border-bottom-width: 0px !important;border-left-width: 0px !important;padding-top: 0px !important;padding-right: 0px !important;padding-bottom: [&hellip;]<\/p>\n","protected":false},"author":7,"featured_media":0,"parent":0,"menu_order":0,"comment_status":"closed","ping_status":"open","template":"","meta":{"rs_blank_template":"","rs_page_bg_color":"","slide_template_v7":"","footnotes":""},"class_list":["post-89","page","type-page","status-publish","hentry"],"_links":{"self":[{"href":"https:\/\/babadlo.sk\/puchov\/wp-json\/wp\/v2\/pages\/89","targetHints":{"allow":["GET"]}}],"collection":[{"href":"https:\/\/babadlo.sk\/puchov\/wp-json\/wp\/v2\/pages"}],"about":[{"href":"https:\/\/babadlo.sk\/puchov\/wp-json\/wp\/v2\/types\/page"}],"author":[{"embeddable":true,"href":"https:\/\/babadlo.sk\/puchov\/wp-json\/wp\/v2\/users\/7"}],"replies":[{"embeddable":true,"href":"https:\/\/babadlo.sk\/puchov\/wp-json\/wp\/v2\/comments?post=89"}],"version-history":[{"count":43,"href":"https:\/\/babadlo.sk\/puchov\/wp-json\/wp\/v2\/pages\/89\/revisions"}],"predecessor-version":[{"id":6289,"href":"https:\/\/babadlo.sk\/puchov\/wp-json\/wp\/v2\/pages\/89\/revisions\/6289"}],"wp:attachment":[{"href":"https:\/\/babadlo.sk\/puchov\/wp-json\/wp\/v2\/media?parent=89"}],"curies":[{"name":"wp","href":"https:\/\/api.w.org\/{rel}","templated":true}]}}